{"id":85,"date":"2026-04-13T04:33:58","date_gmt":"2026-04-13T04:33:58","guid":{"rendered":"https:\/\/webinar-med.pl\/otylosc\/?page_id=85"},"modified":"2026-04-13T04:39:43","modified_gmt":"2026-04-13T04:39:43","slug":"rodo","status":"publish","type":"page","link":"https:\/\/webinar-med.pl\/otylosc\/rodo\/","title":{"rendered":"RODO"},"content":{"rendered":"<div class=\"vce-row-container\"><div class=\"vce-row vce-row--col-gap-30 vce-row-no-paddings vce-row-equal-height vce-row-content--top\" id=\"el-57ab88dd\" data-vce-do-apply=\"all el-57ab88dd\" data-vce-full-width=\"true\" data-vce-stretch-content=\"true\" vce-box-shadow=\"el-57ab88dd\"><div class=\"vce-content-background-container\"><\/div><div class=\"vce-row-content\" data-vce-element-content=\"true\"><div class=\"vce-col vce-col--md-auto vce-col--xs-1 vce-col--xs-last vce-col--xs-first vce-col--sm-last vce-col--sm-first vce-col--md-last vce-col--lg-last vce-col--xl-last vce-col--md-first vce-col--lg-first vce-col--xl-first\" id=\"el-ca017950\"><div class=\"vce-col-inner\" data-vce-do-apply=\"border margin background  el-ca017950\"><div class=\"vce-col-content\" data-vce-element-content=\"true\" data-vce-do-apply=\"padding el-ca017950\"><div class=\"vce-single-image-container vce-single-image--align-center\"><div class=\"vce vce-single-image-wrapper\" id=\"el-952261d7\" data-vce-do-apply=\"all el-952261d7\"><figure><div class=\"vce-single-image-figure-inner\" style=\"width: 2560px;\"><div class=\"vce-single-image-inner vce-single-image--absolute\" style=\"width: 100%; padding-bottom: 22.3438%;\"><img decoding=\"async\" class=\"vce-single-image\" src=\"https:\/\/webinar-med.pl\/otylosc\/wp-content\/uploads\/2026\/04\/KV_Web_slim-1-scaled.webp\" data-img-src=\"https:\/\/webinar-med.pl\/otylosc\/wp-content\/uploads\/2026\/04\/KV_Web_slim-1-scaled.webp\" data-attachment-id=\"88\" alt=\"\" title=\"KV_Web_slim\"><\/div><\/div><figcaption hidden=\"\"><\/figcaption><\/figure><\/div><\/div><\/div><\/div><\/div><\/div><\/div><\/div><div class=\"vce-row-container\" data-vce-boxed-width=\"true\"><div class=\"vce-row vce-row--col-gap-30 vce-row-equal-height vce-row-content--top\" id=\"el-a585037b\" data-vce-do-apply=\"all el-a585037b\"><div class=\"vce-content-background-container\"><\/div><div class=\"vce-row-content\" data-vce-element-content=\"true\"><div class=\"vce-col vce-col--md-auto vce-col--xs-1 vce-col--xs-last vce-col--xs-first vce-col--sm-last vce-col--sm-first vce-col--md-last vce-col--lg-last vce-col--xl-last vce-col--md-first vce-col--lg-first vce-col--xl-first\" id=\"el-2a9864fc\"><div class=\"vce-col-inner\" data-vce-do-apply=\"border margin background  el-2a9864fc\"><div class=\"vce-col-content\" data-vce-element-content=\"true\" data-vce-do-apply=\"padding el-2a9864fc\"><div class=\"vce-text-block\"><div class=\"vce-text-block-wrapper vce\" id=\"el-255c9da9\" data-vce-do-apply=\"all el-255c9da9\"><p><span style=\"color: #333333;\">Zgodnie z Rozporz\u0105dzeniem Parlamentu Europejskiego i Rady Europy nr. 2016\/679 z dnia 27 kwietnia 2016 roku w sprawie ochrony os\u00f3b fizycznych w zwi\u0105zku z przetwarzaniem danych osobowych i w sprawie swobodnego przep\u0142ywu takich danych oraz uchylenia dyrektywy 95\/46\/WE (og\u00f3lne rozporz\u0105dzenie o ochronie danych)<\/span><\/p><h2><span style=\"color: #333333;\"><strong>Klauzula Informacyjna RODO<\/strong><\/span><\/h2><p><span style=\"color: #333333;\">Nadrz\u0119dnym celem klauzuli oraz dzia\u0142a\u0144 informacyjnych Administratora Danych Osobowych jest zapewnienie adekwatnego poziomu ochrony klient\u00f3w, w zwi\u0105zku z przetwarzaniem ich danych osobowych.<\/span><\/p><p><span style=\"color: #333333;\"><strong>Administrator Danych Osobowych<\/strong><\/span><\/p><p><span style=\"color: #333333;\">Administratorem Pani\/Pana danych osobowych jest firma&nbsp;<strong>Sans Souci<\/strong>, Damian Gruszczy\u0144ski, Ewa Maza Sp. j. 60-531 Pozna\u0144, NIP: 7792443773<\/span><\/p><p><span style=\"color: #333333;\"><u>Dane kontaktowe Administratora Danych Osobowych:<\/u><\/span><\/p><p><span style=\"color: #333333;\"><strong>Ewa Maza<br><\/strong>Tel. +48 500 096&nbsp;778<\/span><br><span style=\"color: #333333;\">Email: ewa.maza@sans-souci.pl<\/span><\/p><p><span style=\"color: #333333;\"><strong>Inspektor Ochrony Danych<\/strong><\/span><\/p><p><span style=\"color: #333333;\"><u>Dane kontaktowe Inspektora Ochrony Danych:<\/u><\/span><\/p><p><span style=\"color: #333333;\"><strong>Ewa Maza<br><\/strong>Tel. + 48 500 096&nbsp;778<\/span><br><span style=\"color: #333333;\">Email: ewa.maza@sans-souci.pl<\/span><\/p><p><span style=\"color: #333333;\"><strong>RODO&nbsp;\u2013&nbsp;<\/strong>Rozporz\u0105dzenie Parlamentu Europejskiego i Rady (UE) 2016\/679 z dnia 27 kwietnia 2016 r. w sprawie ochrony os\u00f3b fizycznych w zwi\u0105zku z przetwarzaniem danych osobowych i w sprawie swobodnego przep\u0142ywu takich danych oraz uchylenia dyrektywy 95\/46\/WE (og\u00f3lne rozporz\u0105dzenie o ochronie danych).<\/span><\/p><p><span style=\"color: #333333;\"><strong>Przetwarzanie danych osobowych:&nbsp;<\/strong>zgodnie z tre\u015bci\u0105 art. 4 ust. 2 RODO, za przetwarzanie danych osobowych nale\u017cy rozumie\u0107 operacj\u0119 lub zestaw operacji wykonywanych na danych osobowych lub zestawach danych osobowych w spos\u00f3b zautomatyzowany lub niezautomatyzowany, tak\u0105 jak zbieranie, utrwalanie, organizowanie, porz\u0105dkowanie, przechowywanie, adaptowanie lub modyfikowanie, pobieranie, przegl\u0105danie, wykorzystywanie, ujawnianie poprzez przes\u0142anie, rozpowszechnianie lub innego rodzaju udost\u0119pnianie, dopasowywanie lub \u0142\u0105czenie, ograniczanie, usuwanie lub niszczenie.<\/span><\/p><p><span style=\"color: #333333;\"><strong>Przetwarzanie danych<\/strong><\/span><\/p><ol><li><span style=\"color: #333333;\">Przetwarzanie Pani\/Pana danych osobowych b\u0119dzie si\u0119 odbywa\u0107 na podstawie art. 6 RODO i w celu kontaktu, przygotowania oferty oraz marketingowym.<\/span><\/li><li><span style=\"color: #333333;\">Administrator powo\u0142uje si\u0119 na prawnie uzasadniony interes, kt\u00f3rym jest zbieranie danych statystycznych, analizowanie ruchu na stronie internetowej. Dokonywanie pomiar\u00f3w, kt\u00f3re pozwalaj\u0105 udoskonala\u0107 oferowane us\u0142ugi i sprawi\u0107, \u017ce b\u0119d\u0105 maksymalnie odpowiada\u0107 potrzebom,<\/span><\/li><li><span style=\"color: #333333;\">Podanie danych osobowych na stronie internetowej https:\/\/webinar-med.pl\/laser\/ jest dobrowolne. Podstaw\u0105 przetwarzania danych jest Pana\/Pani zgoda. Maj\u0105 Pa\u0144stwo wp\u0142yw na przegl\u0105dark\u0119 internetow\u0105 i jej ustawienia. Odbiorcami danych osobowych mog\u0105 by\u0107 Google, Facebook, Call Page, Tawk. Maj\u0105 Pa\u0144stwo prawo wycofania zgody w dowolnym momencie poprzez zmian\u0119 ustawie\u0144 w przegl\u0105darce. Dane osobowe b\u0119d\u0105 przetwarzane i przechowywane w zale\u017cno\u015bci od okresu u\u017cywania technologii. Maj\u0105 Pa\u0144stwo prawo za\u017c\u0105dania od administratora dost\u0119pu do moich danych osobowych, ich sprostowania, usuni\u0119cia lub ograniczenia przetwarzania tych danych, a tak\u017ce prawo wniesienia skargi do organu nadzorczego. Profilowanie u\u017cywane jest w Google Analytics, Google AdWords, Facebook Pixel. W sytuacji wniesienia sprzeciwu wobec profilowania, prosimy zoptymalizowa\u0107 odpowiednio przegl\u0105dark\u0119.<\/span><\/li><li><span style=\"color: #333333;\">W przypadku pyta\u0144 dotycz\u0105cych przetwarzania danych osobowych prosimy o kontakt z Inspektorem Ochrony Danych.<\/span><\/li><\/ol><p><span style=\"color: #333333;\"><strong>Czas przetwarzania danych<\/strong><\/span><\/p><ol><li><span style=\"color: #333333;\">Pani\/Pana dane osobowe b\u0119d\u0105 przechowywane przez okres od 30 dni do 5 lat do czasu wykorzystywania mo\u017cliwo\u015bci marketingowych i analizy danych potrzebnych do prowadzenia dzia\u0142alno\u015bci gospodarczej.<\/span><\/li><\/ol><p><span style=\"color: #333333;\"><strong>Prawa u\u017cytkownika strony internetowej<\/strong><\/span><\/p><ol><li style=\"list-style-type: none;\"><ol><li><span style=\"color: #333333;\">Posiada Pani\/Pan prawo dost\u0119pu do tre\u015bci swoich danych osobowych, prawo do ich sprostowania, usuni\u0119cia, jak i r\u00f3wnie\u017c prawo do ograniczenia ich przetwarzania\/ prawo do cofni\u0119cia zgody, prawo do przenoszenia danych, prawo do wniesienia sprzeciwu wobec przetwarzania Pani\/Pana danych osobowych. Przys\u0142uguje Pani\/Panu prawo wniesienia skargi do organu nadzorczego, je\u015bli Pani\/Pana zdaniem, przetwarzanie danych osobowych Pani\/Pana \u2013 narusza przepisy unijnego rozporz\u0105dzenia RODO.<\/span><\/li><li><span style=\"color: #333333;\">Aby skorzysta\u0107 ze swoich praw skontaktuj si\u0119 z Administratorem Danych<\/span><\/li><li><span style=\"color: #333333;\">Pani\/Pana dane b\u0119d\u0105 przetwarzane w spos\u00f3b zautomatyzowany w tym r\u00f3wnie\u017c w formie profilowania. Zautomatyzowane podejmowanie decyzji b\u0119dzie odbywa\u0142o si\u0119 na zasadach stwierdzenie zasadno\u015bci przes\u0142anego formularza<\/span><\/li><\/ol><\/li><\/ol><\/div><\/div><\/div><\/div><\/div><\/div><\/div><\/div>\n","protected":false},"excerpt":{"rendered":"<p>Zgodnie z Rozporz\u0105dzeniem Parlamentu Europejskiego i Rady Europy nr. 2016\/679 z dnia 27 kwietnia 2016 roku w sprawie ochrony os\u00f3b fizycznych w zwi\u0105zku z przetwarzaniem danych osobowych i w sprawie swobodnego przep\u0142ywu takich danych oraz uchylenia dyrektywy 95\/46\/WE (og\u00f3lne rozporz\u0105dzenie o ochronie danych)Klauzula Informacyjna RODONadrz\u0119dnym celem klauzuli oraz dzia\u0142a\u0144 informacyjnych Administratora Danych Osobowych jest zapewnienie [&hellip;]<\/p>\n","protected":false},"author":1,"featured_media":0,"parent":0,"menu_order":0,"comment_status":"closed","ping_status":"closed","template":"","meta":{"footnotes":""},"class_list":["post-85","page","type-page","status-publish","hentry"],"_links":{"self":[{"href":"https:\/\/webinar-med.pl\/otylosc\/wp-json\/wp\/v2\/pages\/85","targetHints":{"allow":["GET"]}}],"collection":[{"href":"https:\/\/webinar-med.pl\/otylosc\/wp-json\/wp\/v2\/pages"}],"about":[{"href":"https:\/\/webinar-med.pl\/otylosc\/wp-json\/wp\/v2\/types\/page"}],"author":[{"embeddable":true,"href":"https:\/\/webinar-med.pl\/otylosc\/wp-json\/wp\/v2\/users\/1"}],"replies":[{"embeddable":true,"href":"https:\/\/webinar-med.pl\/otylosc\/wp-json\/wp\/v2\/comments?post=85"}],"version-history":[{"count":3,"href":"https:\/\/webinar-med.pl\/otylosc\/wp-json\/wp\/v2\/pages\/85\/revisions"}],"predecessor-version":[{"id":90,"href":"https:\/\/webinar-med.pl\/otylosc\/wp-json\/wp\/v2\/pages\/85\/revisions\/90"}],"wp:attachment":[{"href":"https:\/\/webinar-med.pl\/otylosc\/wp-json\/wp\/v2\/media?parent=85"}],"curies":[{"name":"wp","href":"https:\/\/api.w.org\/{rel}","templated":true}]}}