{"id":36,"date":"2026-04-10T17:10:31","date_gmt":"2026-04-10T17:10:31","guid":{"rendered":"https:\/\/webinar-med.pl\/otylosc\/?page_id=36"},"modified":"2026-04-16T05:26:18","modified_gmt":"2026-04-16T05:26:18","slug":"logowanie","status":"publish","type":"page","link":"https:\/\/webinar-med.pl\/otylosc\/logowanie\/","title":{"rendered":"Logowanie"},"content":{"rendered":"<div class=\"vce-row-container\"><div class=\"vce-row vce-row--col-gap-30 vce-row-no-paddings vce-row-equal-height vce-row-content--top\" data-vce-full-width=\"true\" data-vce-stretch-content=\"true\" vce-box-shadow=\"el-0f14dfa5\" id=\"el-0f14dfa5\" data-vce-do-apply=\"all el-0f14dfa5\"><div class=\"vce-content-background-container\"><\/div><div class=\"vce-row-content\" data-vce-element-content=\"true\"><div class=\"vce-col vce-col--md-auto vce-col--xs-1 vce-col--xs-last vce-col--xs-first vce-col--sm-last vce-col--sm-first vce-col--md-last vce-col--lg-last vce-col--xl-last vce-col--md-first vce-col--lg-first vce-col--xl-first\" id=\"el-406a65d4\"><div class=\"vce-col-inner\" data-vce-do-apply=\"border margin background  el-406a65d4\"><div class=\"vce-col-content\" data-vce-element-content=\"true\" data-vce-do-apply=\"padding el-406a65d4\"><div class=\"vce-single-image-container vce-single-image--align-center\"><div class=\"vce vce-single-image-wrapper\" id=\"el-0fdc552a\" data-vce-do-apply=\"all el-0fdc552a\"><figure><div class=\"vce-single-image-figure-inner\" style=\"width: 2560px;\"><div class=\"vce-single-image-inner vce-single-image--absolute\" style=\"width: 100%; padding-bottom: 22.3438%;\"><img decoding=\"async\" class=\"vce-single-image\" src=\"https:\/\/webinar-med.pl\/otylosc\/wp-content\/uploads\/2026\/04\/KV_Web_slim-2-scaled.webp\" data-img-src=\"https:\/\/webinar-med.pl\/otylosc\/wp-content\/uploads\/2026\/04\/KV_Web_slim-2-scaled.webp\" data-attachment-id=\"151\" alt=\"\" title=\"KV_Web_slim\"><\/div><\/div><figcaption hidden=\"\"><\/figcaption><\/figure><\/div><\/div><\/div><\/div><\/div><\/div><\/div><\/div><div class=\"vce-row-container\" data-vce-boxed-width=\"true\"><div class=\"vce-row vce-row--col-gap-30 vce-row-equal-height vce-row-content--top\" id=\"el-995c164a\" data-vce-do-apply=\"all el-995c164a\"><div class=\"vce-row-content\" data-vce-element-content=\"true\"><div class=\"vce-col vce-col--md-auto vce-col--xs-1 vce-col--xs-last vce-col--xs-first vce-col--sm-last vce-col--sm-first vce-col--md-last vce-col--lg-last vce-col--xl-last vce-col--md-first vce-col--lg-first vce-col--xl-first\" id=\"el-deb04a95\"><div class=\"vce-col-inner\" data-vce-do-apply=\"border margin background  el-deb04a95\"><div class=\"vce-col-content\" data-vce-element-content=\"true\" data-vce-do-apply=\"padding el-deb04a95\"><div class=\"vce-text-block\"><div class=\"vce-text-block-wrapper vce\" id=\"el-b5cb1fe6\" data-vce-do-apply=\"all el-b5cb1fe6\"><div class=\"ssp-auth-section\"><div class=\"ssp-auth-section__header\"><span class=\"ssp-auth-section__eyebrow\">Dost\u0119p dla uczestnik\u00f3w<\/span><h1 class=\"ssp-auth-section__title\">Zaloguj si\u0119 do portalu<\/h1><p class=\"ssp-auth-section__lead\">Masz ju\u017c konto? Zaloguj si\u0119, aby uzyska\u0107 dost\u0119p do transmisji LIVE, materia\u0142\u00f3w VOD oraz dodatkowych tre\u015bci dost\u0119pnych dla zarejestrowanych uczestnik\u00f3w.<\/p><\/div><div class=\"ssp-auth-card\">\t\t<div class=\"sspm-box sspm-box--login\">\n\t\t\t\t\t\t<h2 class=\"sspm-box__title\">Logowanie<\/h2>\n\n\t\t\t<form class=\"sspm-form\" method=\"post\" action=\"https:\/\/webinar-med.pl\/otylosc\/wp-admin\/admin-post.php\">\n\t\t\t\t<input type=\"hidden\" name=\"action\" value=\"sspm_login\">\n\t\t\t\t<input type=\"hidden\" name=\"sspm_redirect\" value=\"https:\/\/webinar-med.pl\/otylosc\/logowanie\/\">\n\t\t\t\t<input type=\"hidden\" name=\"redirect_to\" value=\"https:\/\/webinar-med.pl\/otylosc\/konto\/\">\n\t\t\t\t<input type=\"hidden\" id=\"sspm_login_nonce\" name=\"sspm_login_nonce\" value=\"9ec3c5fec7\" \/><input type=\"hidden\" name=\"_wp_http_referer\" value=\"\/otylosc\/wp-json\/wp\/v2\/pages\/36\" \/>\n\t\t\t\t<p class=\"sspm-field\">\n\t\t\t\t\t<label for=\"sspm_log\">E-mail lub login<\/label>\n\t\t\t\t\t<input id=\"sspm_log\" type=\"text\" name=\"log\" required>\n\t\t\t\t<\/p>\n\n\t\t\t\t<p class=\"sspm-field\">\n\t\t\t\t\t<label for=\"sspm_pwd\">Has\u0142o<\/label>\n\t\t\t\t\t<input id=\"sspm_pwd\" type=\"password\" name=\"pwd\" required>\n\t\t\t\t<\/p>\n\n\t\t\t\t<p class=\"sspm-check\">\n\t\t\t\t\t<label>\n\t\t\t\t\t\t<input type=\"checkbox\" name=\"rememberme\" value=\"1\">\n\t\t\t\t\t\t<span>Zapami\u0119taj mnie<\/span>\n\t\t\t\t\t<\/label>\n\t\t\t\t<\/p>\n\n\t\t\t\t<p class=\"sspm-actions\">\n\t\t\t\t\t<button class=\"sspm-button\" type=\"submit\">Zaloguj si\u0119<\/button>\n\t\t\t\t<\/p>\n\t\t\t<\/form>\n\t\t<\/div>\n\t\t<\/div><div class=\"ssp-auth-section__links\"><p><a href=\"\/reset-hasla\/\">Nie pami\u0119tasz has\u0142a?<\/a><\/p><p><span style=\"color: #808080;\">Nie masz jeszcze konta?<\/span> <a href=\"\/rejestracja\/\">Za\u0142\u00f3\u017c je bezp\u0142atnie<\/a><\/p><\/div><\/div><\/div><\/div><\/div><\/div><\/div><\/div><\/div><\/div>\n","protected":false},"excerpt":{"rendered":"<p>Dost\u0119p dla uczestnik\u00f3wZaloguj si\u0119 do portaluMasz ju\u017c konto? Zaloguj si\u0119, aby uzyska\u0107 dost\u0119p do transmisji LIVE, materia\u0142\u00f3w VOD oraz dodatkowych tre\u015bci dost\u0119pnych dla zarejestrowanych uczestnik\u00f3w.Nie pami\u0119tasz has\u0142a?Nie masz jeszcze konta? Za\u0142\u00f3\u017c je bezp\u0142atnie<\/p>\n","protected":false},"author":1,"featured_media":0,"parent":0,"menu_order":0,"comment_status":"closed","ping_status":"closed","template":"","meta":{"footnotes":""},"class_list":["post-36","page","type-page","status-publish","hentry"],"_links":{"self":[{"href":"https:\/\/webinar-med.pl\/otylosc\/wp-json\/wp\/v2\/pages\/36","targetHints":{"allow":["GET"]}}],"collection":[{"href":"https:\/\/webinar-med.pl\/otylosc\/wp-json\/wp\/v2\/pages"}],"about":[{"href":"https:\/\/webinar-med.pl\/otylosc\/wp-json\/wp\/v2\/types\/page"}],"author":[{"embeddable":true,"href":"https:\/\/webinar-med.pl\/otylosc\/wp-json\/wp\/v2\/users\/1"}],"replies":[{"embeddable":true,"href":"https:\/\/webinar-med.pl\/otylosc\/wp-json\/wp\/v2\/comments?post=36"}],"version-history":[{"count":7,"href":"https:\/\/webinar-med.pl\/otylosc\/wp-json\/wp\/v2\/pages\/36\/revisions"}],"predecessor-version":[{"id":152,"href":"https:\/\/webinar-med.pl\/otylosc\/wp-json\/wp\/v2\/pages\/36\/revisions\/152"}],"wp:attachment":[{"href":"https:\/\/webinar-med.pl\/otylosc\/wp-json\/wp\/v2\/media?parent=36"}],"curies":[{"name":"wp","href":"https:\/\/api.w.org\/{rel}","templated":true}]}}