{"id":608,"date":"2023-11-21T12:57:48","date_gmt":"2023-11-21T11:57:48","guid":{"rendered":"https:\/\/webinar-med.pl\/mistrzostwa-chirurgii\/?page_id=608"},"modified":"2026-03-27T11:32:36","modified_gmt":"2026-03-27T10:32:36","slug":"regulamin","status":"publish","type":"page","link":"https:\/\/webinar-med.pl\/mistrzostwa-chirurgii\/regulamin\/","title":{"rendered":"Regulamin sklepu"},"content":{"rendered":"\r\n<div class=\"vce-row-container\" data-vce-boxed-width=\"true\">\r\n<div id=\"el-4f94013c\" class=\"vce-row vce-row--col-gap-30 vce-row-equal-height vce-row-content--top\" data-vce-do-apply=\"all el-4f94013c\">\r\n<div class=\"vce-content-background-container\">\u00a0<\/div>\r\n<div class=\"vce-row-content\" data-vce-element-content=\"true\">\r\n<div id=\"el-ce386357\" class=\"vce-col vce-col--md-auto vce-col--xs-1 vce-col--xs-last vce-col--xs-first vce-col--sm-last vce-col--sm-first vce-col--md-last vce-col--lg-last vce-col--xl-last vce-col--md-first vce-col--lg-first vce-col--xl-first\">\r\n<div class=\"vce-col-inner\" data-vce-do-apply=\"border margin background  el-ce386357\">\r\n<div class=\"vce-col-content\" data-vce-element-content=\"true\" data-vce-do-apply=\"padding el-ce386357\">\r\n<div class=\"vce-text-block\">\r\n<div id=\"el-891c2fc0\" class=\"vce-text-block-wrapper vce\" data-vce-do-apply=\"all el-891c2fc0\">\r\n<h2><\/h2>\r\n<p><span style=\"font-weight: 400;\">REGULAMIN<\/span><\/p>\r\n<p><b>POSTANOWIENIA OG\u00d3LNE<\/b><\/p>\r\n<ol>\r\n<li style=\"font-weight: 400;\" aria-level=\"1\"><span style=\"font-weight: 400;\">Organizatorem Konferencji \"I Mistrzostwa Polski w Chirurgii Ma\u0142oinwazyjnej \u201d s\u0105 firmy:<\/span>\r\n<ol>\r\n<li style=\"font-weight: 400;\" aria-level=\"2\"><span style=\"font-weight: 400;\">Sans Souci Damian Gruszczy\u0144ski, Ewa Maza sp. j. z siedzib\u0105 w Poznaniu, 60-351 Pozna\u0144, ul. Zakr\u0119t 16, KRS: 0000624779, NIP: 7792443773 <\/span><\/li>\r\n<li style=\"font-weight: 400;\" aria-level=\"2\"><span style=\"font-weight: 400;\">DG EVENTSFACOTRY z siedzib\u0105 w W\u0105growcu, 10, 62-100 W\u0105growiec, ul. Lipowa 41a, NIP: 7661097000<\/span><\/li>\r\n<\/ol>\r\n<\/li>\r\n<li style=\"font-weight: 400;\" aria-level=\"1\"><span style=\"font-weight: 400;\">Sprzeda\u017c i p\u0142atno\u015bci dokonywane przez platform\u0119 https:\/\/webinar-med.pl\/mistrzostwa-chirurgii\/\u00a0obs\u0142ugiwane s\u0105 przez firm\u0119 DG EVENTSFACOTRY z siedzib\u0105 w W\u0105growcu, 62-100<br \/>W\u0105growiec, ul. Lipowa 41a, NIP: 7661097000, REGON: 572047234<\/span><\/li>\r\n<li style=\"font-weight: 400;\" aria-level=\"1\"><span style=\"font-weight: 400;\">Konferencja \"I Mistrzostwa Polski w Chirurgii Ma\u0142oinwazyjnej \u201d, zwana w dalszej cz\u0119\u015bci Regulaminu Konferencj\u0105, odbywa si\u0119 w terminie i miejscu wskazanym przez Sans Souci Damian Gruszczy\u0144ski, Ewa Maza sp. j., zwanej w dalszej cz\u0119\u015bci Regulaminu Organizatorem.<\/span><\/li>\r\n<li style=\"font-weight: 400;\" aria-level=\"1\"><span style=\"font-weight: 400;\">Uczestnikami Konferencji s\u0105 lekarze specjali\u015bci, diagno\u015bci, studenci, rezydencji, piel\u0119gniarki oraz osoby uprawnione do wystawiania recept lub osoby prowadz\u0105ce obr\u00f3t produktami leczniczymi oraz inne osoby zwi\u0105zane zawodowo z tematyk\u0105 Konferencji oraz przedstawiciele sponsor\u00f3w.<\/span><\/li>\r\n<li style=\"font-weight: 400;\" aria-level=\"1\"><span style=\"font-weight: 400;\">W ramach Konferencji b\u0119d\u0105 odbywa\u0142y si\u0119 sesje naukowo-dydaktyczne, edukacyjne, warsztatowe, wystawa firm farmaceutycznych i sprz\u0119towych oraz sesja plakatowa.<\/span><\/li>\r\n<li style=\"font-weight: 400;\" aria-level=\"1\"><span style=\"font-weight: 400;\">Zakres merytoryczny sesji naukowo-dydaktycznych Konferencji jest w ca\u0142o\u015bci tworzony przez Komitet Naukowy, kt\u00f3rego sk\u0142ad ustala Organizator.<\/span><\/li>\r\n<li style=\"font-weight: 400;\" aria-level=\"1\"><span style=\"font-weight: 400;\">Organizator zastrzega sobie prawo do zmiany terminu i miejsca Konferencji w przypadku uzasadnionym i po akceptacji Komitetu Naukowego.<\/span><\/li>\r\n<li style=\"font-weight: 400;\" aria-level=\"1\"><span style=\"font-weight: 400;\">Przepisy niniejszego Regulaminu stanowi\u0105 integraln\u0105 cz\u0119\u015b\u0107 Zg\u0142oszenia uczestnictwa w Konferencji i obowi\u0105zuj\u0105 wszystkich Uczestnik\u00f3w.<\/span><\/li>\r\n<li style=\"font-weight: 400;\" aria-level=\"1\"><span style=\"font-weight: 400;\">Oficjalny serwis internetowy Konferencji znajduje si\u0119 pod adresem: https:\/\/webinar-med.pl\/mistrzostwa-chirurgii\/<\/span><\/li>\r\n<li style=\"font-weight: 400;\" aria-level=\"1\"><span style=\"font-weight: 400;\">Okre\u015blone niniejszym Regulaminem prawa i obowi\u0105zki Uczestnika oraz Organizatora obowi\u0105zuj\u0105 wy\u0142\u0105cznie w trakcie trwania Konferencji tj. od dnia 23.10-24.10.2026.<\/span><\/li>\r\n<\/ol>\r\n<p>&nbsp;<\/p>\r\n<p><b>ZASADY UCZESTNICTWA<\/b><\/p>\r\n<ol>\r\n<li style=\"font-weight: 400;\" aria-level=\"1\"><span style=\"font-weight: 400;\">Warunkiem uczestnictwa w sesjach naukowo - dydaktycznych Konferencji jest zg\u0142oszenie uczestnictwa poprzez wype\u0142nienie formularza zg\u0142oszeniowego dost\u0119pnego na stronie internetowej https:\/\/webinar-med.pl\/mistrzostwa-chirurgii\/ l<\/span><span style=\"font-weight: 400;\">ub wype\u0142nienie pisemnego zg\u0142oszenia w biurze konferencji Organizatora w dniach trwania Konferencji oraz wniesienie op\u0142aty konferencyjnej zgodnie z zamieszczonym na stronie Konferencji cennikiem op\u0142at.<\/span><\/li>\r\n<li style=\"font-weight: 400;\" aria-level=\"1\"><span style=\"font-weight: 400;\">Udzia\u0142 w sesjach naukowo \u2013 dydaktycznych Konferencji jest z p\u0142atny zgodnie z zamieszczonym na stronie Konferencji cennikiem.<\/span><\/li>\r\n<li style=\"font-weight: 400;\" aria-level=\"1\"><span style=\"font-weight: 400;\">Koszt dojazdu Uczestnik pokrywa we w\u0142asnym zakresie.<\/span><\/li>\r\n<li style=\"font-weight: 400;\" aria-level=\"1\"><span style=\"font-weight: 400;\">W celu otrzymania Za\u015bwiadczenia potwierdzaj\u0105cego uczestnictwo w Konferencji, Uczestnik dobrowolnie i nieodp\u0142atnie przekazuje Organizatorowi w formie pisemnej lub elektronicznej swoje dane osobowe. Dane niezb\u0119dne do wydania za\u015bwiadczenia to w szczeg\u00f3lno\u015bci: imi\u0119, nazwisko, adres e-mail, numer, specjalizacja, typ, oraz nazwa miejsca pracy. Przekazane dane s\u0105 przechowywane przez Organizatora i podlegaj\u0105 Ustawie z 10 maja 2018 roku o Ochronie Danych Osobowych (RODO).\u00a0<\/span><\/li>\r\n<li style=\"font-weight: 400;\" aria-level=\"1\"><span style=\"font-weight: 400;\">Zgodnie z\u00a0 Ustaw\u0105 z 10 maja 2018 roku o Ochronie Danych Osobowych (RODO), Organizator nie przekazuje, nie sprzedaje i nie u\u017cycza zgromadzonych danych osobowych Uczestnik\u00f3w innym osobom lub instytucjom. Dane osobowe podane przez Uczestnika (imi\u0119 i nazwisko, adres, numer telefonu, adres e-mailowy, rok urodzenia) traktowane s\u0105 jako informacje poufne i s\u0142u\u017c\u0105 tylko i wy\u0142\u0105cznie do cel\u00f3w komunikacji pomi\u0119dzy Uczestnikiem a Organizatorem Konferencji.<\/span><\/li>\r\n<\/ol>\r\n<p>&nbsp;<\/p>\r\n<p><b>SPOSOBY P\u0141ATNO\u015aCI ZA TOWARY<\/b><\/p>\r\n<ol>\r\n<li style=\"font-weight: 400;\" aria-level=\"1\"><span style=\"font-weight: 400;\">W ramach Us\u0142ugi PayU Operator p\u0142atno\u015bci obs\u0142uguje:<\/span>\r\n<ol>\r\n<li style=\"font-weight: 400;\" aria-level=\"2\"><span style=\"font-weight: 400;\">P\u0142atno\u015bci dokonywane w drodze przelew\u00f3w elektronicznych, obejmuj\u0105ce p\u0142atno\u015bci bezgot\u00f3wkowe w pieni\u0105dzu polskim dokonywane w drodze przelew\u00f3w internetowych,<\/span><\/li>\r\n<li style=\"font-weight: 400;\" aria-level=\"2\"><span style=\"font-weight: 400;\">P\u0142atno\u015bci dokonywane w drodze przelew\u00f3w tradycyjnych dokonywanych poza sieci\u0105 Internet lub innych przelew\u00f3w elektronicznych,<\/span><\/li>\r\n<li style=\"font-weight: 400;\" aria-level=\"2\"><span style=\"font-weight: 400;\">P\u0142atno\u015bci dokonywane przy u\u017cyciu kart p\u0142atniczych, obejmuj\u0105ce p\u0142atno\u015bci bezgot\u00f3wkowe w pieni\u0105dzu polskim dokonywane kartami p\u0142atniczymi, kt\u00f3re zosta\u0142y dopuszczone przez banki do realizacji transakcji w \u015brodowisku internetowym,<\/span><\/li>\r\n<li style=\"font-weight: 400;\" aria-level=\"2\"><span style=\"font-weight: 400;\">P\u0142atno\u015bci dokonywane za pomoc\u0105 innych metod udost\u0119pnionych przez Operatora p\u0142atno\u015bci, umo\u017cliwiaj\u0105cych sp\u0142at\u0119 zobowi\u0105za\u0144 Kupuj\u0105cych wobec Sprzedaj\u0105cych.<\/span><\/li>\r\n<\/ol>\r\n<\/li>\r\n<li style=\"font-weight: 400;\" aria-level=\"1\"><span style=\"font-weight: 400;\">Wykaz form p\u0142atno\u015bci udost\u0119pnionych w ramach Us\u0142ugi P\u0142atno\u015bci Kartami P\u0142atniczymi:<\/span><\/li>\r\n<li style=\"font-weight: 400;\" aria-level=\"1\"><span style=\"font-weight: 400;\">Karty organizacji Visa:<\/span>\r\n<ol>\r\n<li style=\"font-weight: 400;\" aria-level=\"2\"><span style=\"font-weight: 400;\">kredytowe i z odroczon\u0105 p\u0142atno\u015bci\u0105<\/span><\/li>\r\n<li style=\"font-weight: 400;\" aria-level=\"2\"><span style=\"font-weight: 400;\">debetowe<\/span><\/li>\r\n<li style=\"font-weight: 400;\" aria-level=\"2\"><span style=\"font-weight: 400;\">biznesowe<\/span><\/li>\r\n<\/ol>\r\n<\/li>\r\n<li style=\"font-weight: 400;\" aria-level=\"1\"><span style=\"font-weight: 400;\">Karty organizacji MasterCard:<\/span>\r\n<ol>\r\n<li style=\"font-weight: 400;\" aria-level=\"2\"><span style=\"font-weight: 400;\">kredytowe i z odroczon\u0105 p\u0142atno\u015bci\u0105<\/span><\/li>\r\n<li style=\"font-weight: 400;\" aria-level=\"2\"><span style=\"font-weight: 400;\">debetowe<\/span><\/li>\r\n<li style=\"font-weight: 400;\" aria-level=\"2\"><span style=\"font-weight: 400;\">biznesowe<\/span><\/li>\r\n<li style=\"font-weight: 400;\" aria-level=\"2\"><span style=\"font-weight: 400;\">kredytowe<\/span><\/li>\r\n<li style=\"font-weight: 400;\" aria-level=\"2\"><span style=\"font-weight: 400;\">Maestro<\/span><\/li>\r\n<\/ol>\r\n<\/li>\r\n<\/ol>\r\n<p><strong>CZAS REALIZACJI ZAMOWIENIA<\/strong><\/p>\r\n<ol>\r\n<li>Czas realizacji zam\u00f3wienia wynosi do dw\u00f3ch dni roboczych.<\/li>\r\n<li>Po wype\u0142nieniu formularza rejestracyjnego i zaksi\u0119gowaniu wp\u0142aty (dotyczy udzia\u0142u stacjonarnego w konferencji), uczestnik otrzymuje mail potwierdzaj\u0105cy rejestracj\u0119 oraz dane dost\u0119powe do transmisji online.<\/li>\r\n<li>Uczestnicy stacjonarni pakiet informacji organizacyjnych i agend\u0119 spotkania otrzymaj\u0105 do 7 dni przed rozpocz\u0119ciem Konferencji.<\/li>\r\n<\/ol>\r\n<p><b>REKLAMACJE I ZWROTY<\/b><\/p>\r\n<ol>\r\n<li aria-level=\"1\">Uczestnik ma 14 dni na zwrot\/odst\u0105pienie od umowy z uwzgl\u0119dnieniem kosztu anulacji bez podania przyczyny b\u0105d\u017a odniesienie si\u0119 do ustawy z dnia 30 maja 2014 r. o prawach konsumenta, art. 27<\/li>\r\n<li style=\"font-weight: 400;\" aria-level=\"1\"><span style=\"font-weight: 400;\">Za reklamacje i zwroty odpowiada firma DG EVENTSFACTORY z siedzib\u0105 w W\u0105growcu, ul. Lipowej 41a\/10, 62-100 W\u0105growiec<\/span><\/li>\r\n<li style=\"font-weight: 400;\" aria-level=\"1\"><span style=\"font-weight: 400;\">Wszelkie reklamacje Uczestnik\u00f3w Konferencji wobec Organizatora powinny by\u0107 zg\u0142aszane w formie pisemnej listem poleconym na adres siedziby Organizatora.<\/span><\/li>\r\n<li style=\"font-weight: 400;\" aria-level=\"1\"><span style=\"font-weight: 400;\">Reklamacje Uczestnik\u00f3w Konferencji mog\u0105 by\u0107 zg\u0142aszane nie p\u00f3\u017aniej ni\u017c w terminie 7 dni od dnia zako\u0144czenia Szkolenia.<\/span><\/li>\r\n<li style=\"font-weight: 400;\" aria-level=\"1\"><span style=\"font-weight: 400;\">Aby anulowa\u0107 rejestracj\u0119 lub reklamowa\u0107 udzia\u0142 w Konferecnji, nale\u017cy przes\u0142a\u0107 pisemny wniosek do Biura Organizacyjnego Sans Souci pod adresem <\/span><a href=\"mailto:biuro@sans-souci.pl\"><span style=\"font-weight: 400;\">biuro@sans-souci.pl<\/span><\/a><span style=\"font-weight: 400;\">. Prosz\u0119 zwr\u00f3ci\u0107 uwag\u0119, \u017ce refundacja zostanie dokonana po zako\u0144czeniu Konferencji, a kwoty kar b\u0119d\u0105 odejmowane od kwoty zwrotu. Op\u0142ata rejestracyjna podlega zwrotowi okre\u015blonemu poni\u017cej.<\/span><\/li>\r\n<\/ol>\r\n<p>&nbsp;<\/p>\r\n<table>\r\n<tbody>\r\n<tr>\r\n<td>\r\n<p><b>Anulowanie \/ Zwrot zap\u0142aty<\/b><\/p>\r\n<\/td>\r\n<td>\r\n<p><b>Koszt anulacji<\/b><\/p>\r\n<\/td>\r\n<\/tr>\r\n<tr>\r\n<td>\r\n<p><span style=\"font-weight: 400;\">Przed 31 marca 2026 r.<\/span><\/p>\r\n<\/td>\r\n<td>\r\n<p><span style=\"font-weight: 400;\">30%<\/span><\/p>\r\n<\/td>\r\n<\/tr>\r\n<tr>\r\n<td>\r\n<p><span style=\"font-weight: 400;\">Od 31 marca 2026 do 31 lipca 2026 r.<\/span><\/p>\r\n<\/td>\r\n<td>\r\n<p><span style=\"font-weight: 400;\">70%<\/span><\/p>\r\n<\/td>\r\n<\/tr>\r\n<tr>\r\n<td>\r\n<p><span style=\"font-weight: 400;\">Od 1 sierpnia 2026 r.<\/span><\/p>\r\n<\/td>\r\n<td>\r\n<p><span style=\"font-weight: 400;\">Brak zwrot\u00f3w<\/span><\/p>\r\n<\/td>\r\n<\/tr>\r\n<\/tbody>\r\n<\/table>\r\n<p>&nbsp;<\/p>\r\n<p><b>POSTANOWIENIA KO\u0143COWE<\/b><\/p>\r\n<ol>\r\n<li style=\"font-weight: 400;\" aria-level=\"1\"><span style=\"font-weight: 400;\">W przypadku, gdy Konferencja nie odb\u0119dzie si\u0119 z przyczyn niezale\u017cnych od Organizatora, uczestnikowi nie przys\u0142uguje prawo do odszkodowania lub zwrotu jakichkolwiek op\u0142at zwi\u0105zanych z uczestnictwem.<\/span><\/li>\r\n<li style=\"font-weight: 400;\" aria-level=\"1\"><span style=\"font-weight: 400;\">Wys\u0142anie zg\u0142oszenia rejestracyjnego oznacza akceptacj\u0119 postanowie\u0144 niniejszego Regulaminu.<\/span><\/li>\r\n<li style=\"font-weight: 400;\" aria-level=\"1\"><span style=\"font-weight: 400;\">W sprawach nieuregulowanych niniejszym Regulaminem zastosowanie maj\u0105 przepisy Kodeksu Cywilnego.<\/span><\/li>\r\n<li style=\"font-weight: 400;\" aria-level=\"1\"><span style=\"font-weight: 400;\">Organizator nie ponosi odpowiedzialno\u015bci za rzeczy Uczestnik\u00f3w, kt\u00f3re mog\u0105 zosta\u0107 zagubione, zniszczone lub skradzione podczas Konferencji.<\/span><\/li>\r\n<li style=\"font-weight: 400;\" aria-level=\"1\"><span style=\"font-weight: 400;\">Uczestnicy ponosz\u0105 pe\u0142n\u0105 odpowiedzialno\u015b\u0107 materialn\u0105 za dokonane przez siebie zniszczenia na terenie obiekt\u00f3w, w kt\u00f3rych prowadzone s\u0105 jakiekolwiek dzia\u0142ania zwi\u0105zane z cyklem kurs\u00f3w medycznych.<\/span><\/li>\r\n<\/ol>\r\n<p>&nbsp;<\/p>\r\n<p><b>Organizator Konferencji: <\/b><span style=\"font-weight: 400;\"><br \/><\/span><span style=\"font-weight: 400;\">Sans Souci Damian Gruszczy\u0144ski, Ewa Maza sp. j.<\/span><span style=\"font-weight: 400;\"><br \/><\/span><span style=\"font-weight: 400;\">DG Eventsfactory Damian Gruszczynski<\/span><\/p>\r\n<h2><\/h2>\r\n<\/div>\r\n<\/div>\r\n<\/div>\r\n<\/div>\r\n<\/div>\r\n<\/div>\r\n<\/div>\r\n<\/div>\r\n","protected":false},"excerpt":{"rendered":"<p>\u00a0 REGULAMIN POSTANOWIENIA OG\u00d3LNE Organizatorem Konferencji &#8222;I Mistrzostwa Polski w Chirurgii Ma\u0142oinwazyjnej \u201d s\u0105 firmy: Sans Souci Damian Gruszczy\u0144ski, Ewa Maza sp. j. z siedzib\u0105 w Poznaniu, 60-351 Pozna\u0144, ul. Zakr\u0119t 16, KRS: 0000624779, NIP: 7792443773 DG EVENTSFACOTRY z siedzib\u0105 w W\u0105growcu, 10, 62-100 W\u0105growiec, ul. Lipowa 41a, NIP: 7661097000 Sprzeda\u017c i p\u0142atno\u015bci dokonywane przez [&hellip;]<\/p>\n","protected":false},"author":1,"featured_media":0,"parent":0,"menu_order":0,"comment_status":"closed","ping_status":"open","template":"","meta":{"site-sidebar-layout":"default","site-content-layout":"default","ast-site-content-layout":"default","site-content-style":"default","site-sidebar-style":"default","ast-global-header-display":"","ast-banner-title-visibility":"","ast-main-header-display":"","ast-hfb-above-header-display":"","ast-hfb-below-header-display":"","ast-hfb-mobile-header-display":"","site-post-title":"","ast-breadcrumbs-content":"","ast-featured-img":"","footer-sml-layout":"","ast-disable-related-posts":"","theme-transparent-header-meta":"default","adv-header-id-meta":"","stick-header-meta":"","header-above-stick-meta":"","header-main-stick-meta":"","header-below-stick-meta":"","astra-migrate-meta-layouts":"set","ast-page-background-enabled":"default","ast-page-background-meta":{"desktop":{"background-color":"var(--ast-global-color-4)","background-image":"","background-repeat":"repeat","background-position":"center center","background-size":"auto","background-attachment":"scroll","background-type":"","background-media":"","overlay-type":"","overlay-color":"","overlay-opacity":"","overlay-gradient":""},"tablet":{"background-color":"","background-image":"","background-repeat":"repeat","background-position":"center center","background-size":"auto","background-attachment":"scroll","background-type":"","background-media":"","overlay-type":"","overlay-color":"","overlay-opacity":"","overlay-gradient":""},"mobile":{"background-color":"","background-image":"","background-repeat":"repeat","background-position":"center center","background-size":"auto","background-attachment":"scroll","background-type":"","background-media":"","overlay-type":"","overlay-color":"","overlay-opacity":"","overlay-gradient":""}},"ast-content-background-meta":{"desktop":{"background-color":"var(--ast-global-color-5)","background-image":"","background-repeat":"repeat","background-position":"center center","background-size":"auto","background-attachment":"scroll","background-type":"","background-media":"","overlay-type":"","overlay-color":"","overlay-opacity":"","overlay-gradient":""},"tablet":{"background-color":"var(--ast-global-color-5)","background-image":"","background-repeat":"repeat","background-position":"center center","background-size":"auto","background-attachment":"scroll","background-type":"","background-media":"","overlay-type":"","overlay-color":"","overlay-opacity":"","overlay-gradient":""},"mobile":{"background-color":"var(--ast-global-color-5)","background-image":"","background-repeat":"repeat","background-position":"center center","background-size":"auto","background-attachment":"scroll","background-type":"","background-media":"","overlay-type":"","overlay-color":"","overlay-opacity":"","overlay-gradient":""}},"footnotes":""},"class_list":["post-608","page","type-page","status-publish","hentry"],"acf":[],"yoast_head":"<!-- This site is optimized with the Yoast SEO plugin v27.4 - https:\/\/yoast.com\/product\/yoast-seo-wordpress\/ -->\n<title>Regulamin sklepu - I Mistrzostwa Polski w Chirurgii Ma\u0142oinwazyjnej<\/title>\n<meta name=\"robots\" content=\"index, follow, max-snippet:-1, max-image-preview:large, max-video-preview:-1\" \/>\n<link rel=\"canonical\" href=\"https:\/\/webinar-med.pl\/mistrzostwa-chirurgii\/regulamin\/\" \/>\n<meta property=\"og:locale\" content=\"pl_PL\" \/>\n<meta property=\"og:type\" content=\"article\" \/>\n<meta property=\"og:title\" content=\"Regulamin sklepu - I Mistrzostwa Polski w Chirurgii Ma\u0142oinwazyjnej\" \/>\n<meta property=\"og:description\" content=\"\u00a0 REGULAMIN POSTANOWIENIA OG\u00d3LNE Organizatorem Konferencji &quot;I Mistrzostwa Polski w Chirurgii Ma\u0142oinwazyjnej \u201d s\u0105 firmy: Sans Souci Damian Gruszczy\u0144ski, Ewa Maza sp. j. z siedzib\u0105 w Poznaniu, 60-351 Pozna\u0144, ul. Zakr\u0119t 16, KRS: 0000624779, NIP: 7792443773 DG EVENTSFACOTRY z siedzib\u0105 w W\u0105growcu, 10, 62-100 W\u0105growiec, ul. Lipowa 41a, NIP: 7661097000 Sprzeda\u017c i p\u0142atno\u015bci dokonywane przez [&hellip;]\" \/>\n<meta property=\"og:url\" content=\"https:\/\/webinar-med.pl\/mistrzostwa-chirurgii\/regulamin\/\" \/>\n<meta property=\"og:site_name\" content=\"I Mistrzostwa Polski w Chirurgii Ma\u0142oinwazyjnej\" \/>\n<meta property=\"article:modified_time\" content=\"2026-03-27T10:32:36+00:00\" \/>\n<meta name=\"twitter:card\" content=\"summary_large_image\" \/>\n<meta name=\"twitter:label1\" content=\"Szacowany czas czytania\" \/>\n\t<meta name=\"twitter:data1\" content=\"6 minut\" \/>\n<script type=\"application\/ld+json\" class=\"yoast-schema-graph\">{\"@context\":\"https:\\\/\\\/schema.org\",\"@graph\":[{\"@type\":\"WebPage\",\"@id\":\"https:\\\/\\\/webinar-med.pl\\\/mistrzostwa-chirurgii\\\/regulamin\\\/\",\"url\":\"https:\\\/\\\/webinar-med.pl\\\/mistrzostwa-chirurgii\\\/regulamin\\\/\",\"name\":\"Regulamin sklepu - I Mistrzostwa Polski w Chirurgii Ma\u0142oinwazyjnej\",\"isPartOf\":{\"@id\":\"https:\\\/\\\/webinar-med.pl\\\/mistrzostwa-chirurgii\\\/#website\"},\"datePublished\":\"2023-11-21T11:57:48+00:00\",\"dateModified\":\"2026-03-27T10:32:36+00:00\",\"breadcrumb\":{\"@id\":\"https:\\\/\\\/webinar-med.pl\\\/mistrzostwa-chirurgii\\\/regulamin\\\/#breadcrumb\"},\"inLanguage\":\"pl-PL\",\"potentialAction\":[{\"@type\":\"ReadAction\",\"target\":[\"https:\\\/\\\/webinar-med.pl\\\/mistrzostwa-chirurgii\\\/regulamin\\\/\"]}]},{\"@type\":\"BreadcrumbList\",\"@id\":\"https:\\\/\\\/webinar-med.pl\\\/mistrzostwa-chirurgii\\\/regulamin\\\/#breadcrumb\",\"itemListElement\":[{\"@type\":\"ListItem\",\"position\":1,\"name\":\"Strona g\u0142\u00f3wna\",\"item\":\"https:\\\/\\\/webinar-med.pl\\\/mistrzostwa-chirurgii\\\/\"},{\"@type\":\"ListItem\",\"position\":2,\"name\":\"Regulamin sklepu\"}]},{\"@type\":\"WebSite\",\"@id\":\"https:\\\/\\\/webinar-med.pl\\\/mistrzostwa-chirurgii\\\/#website\",\"url\":\"https:\\\/\\\/webinar-med.pl\\\/mistrzostwa-chirurgii\\\/\",\"name\":\"I Mistrzostwa Polski w Chirurgii Ma\u0142oinwazyjnej\",\"description\":\"23-24 pa\u017adziernika 2026\",\"publisher\":{\"@id\":\"https:\\\/\\\/webinar-med.pl\\\/mistrzostwa-chirurgii\\\/#organization\"},\"potentialAction\":[{\"@type\":\"SearchAction\",\"target\":{\"@type\":\"EntryPoint\",\"urlTemplate\":\"https:\\\/\\\/webinar-med.pl\\\/mistrzostwa-chirurgii\\\/?s={search_term_string}\"},\"query-input\":{\"@type\":\"PropertyValueSpecification\",\"valueRequired\":true,\"valueName\":\"search_term_string\"}}],\"inLanguage\":\"pl-PL\"},{\"@type\":\"Organization\",\"@id\":\"https:\\\/\\\/webinar-med.pl\\\/mistrzostwa-chirurgii\\\/#organization\",\"name\":\"I Mistrzostwa Polski w Chirurgii Ma\u0142oinwazyjnej\",\"url\":\"https:\\\/\\\/webinar-med.pl\\\/mistrzostwa-chirurgii\\\/\",\"logo\":{\"@type\":\"ImageObject\",\"inLanguage\":\"pl-PL\",\"@id\":\"https:\\\/\\\/webinar-med.pl\\\/mistrzostwa-chirurgii\\\/#\\\/schema\\\/logo\\\/image\\\/\",\"url\":\"https:\\\/\\\/webinar-med.pl\\\/mistrzostwa-chirurgii\\\/wp-content\\\/uploads\\\/2023\\\/06\\\/logo_webinarmed.webp\",\"contentUrl\":\"https:\\\/\\\/webinar-med.pl\\\/mistrzostwa-chirurgii\\\/wp-content\\\/uploads\\\/2023\\\/06\\\/logo_webinarmed.webp\",\"width\":345,\"height\":90,\"caption\":\"I Mistrzostwa Polski w Chirurgii Ma\u0142oinwazyjnej\"},\"image\":{\"@id\":\"https:\\\/\\\/webinar-med.pl\\\/mistrzostwa-chirurgii\\\/#\\\/schema\\\/logo\\\/image\\\/\"}}]}<\/script>\n<!-- \/ Yoast SEO plugin. -->","yoast_head_json":{"title":"Regulamin sklepu - I Mistrzostwa Polski w Chirurgii Ma\u0142oinwazyjnej","robots":{"index":"index","follow":"follow","max-snippet":"max-snippet:-1","max-image-preview":"max-image-preview:large","max-video-preview":"max-video-preview:-1"},"canonical":"https:\/\/webinar-med.pl\/mistrzostwa-chirurgii\/regulamin\/","og_locale":"pl_PL","og_type":"article","og_title":"Regulamin sklepu - I Mistrzostwa Polski w Chirurgii Ma\u0142oinwazyjnej","og_description":"\u00a0 REGULAMIN POSTANOWIENIA OG\u00d3LNE Organizatorem Konferencji \"I Mistrzostwa Polski w Chirurgii Ma\u0142oinwazyjnej \u201d s\u0105 firmy: Sans Souci Damian Gruszczy\u0144ski, Ewa Maza sp. j. z siedzib\u0105 w Poznaniu, 60-351 Pozna\u0144, ul. Zakr\u0119t 16, KRS: 0000624779, NIP: 7792443773 DG EVENTSFACOTRY z siedzib\u0105 w W\u0105growcu, 10, 62-100 W\u0105growiec, ul. Lipowa 41a, NIP: 7661097000 Sprzeda\u017c i p\u0142atno\u015bci dokonywane przez [&hellip;]","og_url":"https:\/\/webinar-med.pl\/mistrzostwa-chirurgii\/regulamin\/","og_site_name":"I Mistrzostwa Polski w Chirurgii Ma\u0142oinwazyjnej","article_modified_time":"2026-03-27T10:32:36+00:00","twitter_card":"summary_large_image","twitter_misc":{"Szacowany czas czytania":"6 minut"},"schema":{"@context":"https:\/\/schema.org","@graph":[{"@type":"WebPage","@id":"https:\/\/webinar-med.pl\/mistrzostwa-chirurgii\/regulamin\/","url":"https:\/\/webinar-med.pl\/mistrzostwa-chirurgii\/regulamin\/","name":"Regulamin sklepu - I Mistrzostwa Polski w Chirurgii Ma\u0142oinwazyjnej","isPartOf":{"@id":"https:\/\/webinar-med.pl\/mistrzostwa-chirurgii\/#website"},"datePublished":"2023-11-21T11:57:48+00:00","dateModified":"2026-03-27T10:32:36+00:00","breadcrumb":{"@id":"https:\/\/webinar-med.pl\/mistrzostwa-chirurgii\/regulamin\/#breadcrumb"},"inLanguage":"pl-PL","potentialAction":[{"@type":"ReadAction","target":["https:\/\/webinar-med.pl\/mistrzostwa-chirurgii\/regulamin\/"]}]},{"@type":"BreadcrumbList","@id":"https:\/\/webinar-med.pl\/mistrzostwa-chirurgii\/regulamin\/#breadcrumb","itemListElement":[{"@type":"ListItem","position":1,"name":"Strona g\u0142\u00f3wna","item":"https:\/\/webinar-med.pl\/mistrzostwa-chirurgii\/"},{"@type":"ListItem","position":2,"name":"Regulamin sklepu"}]},{"@type":"WebSite","@id":"https:\/\/webinar-med.pl\/mistrzostwa-chirurgii\/#website","url":"https:\/\/webinar-med.pl\/mistrzostwa-chirurgii\/","name":"I Mistrzostwa Polski w Chirurgii Ma\u0142oinwazyjnej","description":"23-24 pa\u017adziernika 2026","publisher":{"@id":"https:\/\/webinar-med.pl\/mistrzostwa-chirurgii\/#organization"},"potentialAction":[{"@type":"SearchAction","target":{"@type":"EntryPoint","urlTemplate":"https:\/\/webinar-med.pl\/mistrzostwa-chirurgii\/?s={search_term_string}"},"query-input":{"@type":"PropertyValueSpecification","valueRequired":true,"valueName":"search_term_string"}}],"inLanguage":"pl-PL"},{"@type":"Organization","@id":"https:\/\/webinar-med.pl\/mistrzostwa-chirurgii\/#organization","name":"I Mistrzostwa Polski w Chirurgii Ma\u0142oinwazyjnej","url":"https:\/\/webinar-med.pl\/mistrzostwa-chirurgii\/","logo":{"@type":"ImageObject","inLanguage":"pl-PL","@id":"https:\/\/webinar-med.pl\/mistrzostwa-chirurgii\/#\/schema\/logo\/image\/","url":"https:\/\/webinar-med.pl\/mistrzostwa-chirurgii\/wp-content\/uploads\/2023\/06\/logo_webinarmed.webp","contentUrl":"https:\/\/webinar-med.pl\/mistrzostwa-chirurgii\/wp-content\/uploads\/2023\/06\/logo_webinarmed.webp","width":345,"height":90,"caption":"I Mistrzostwa Polski w Chirurgii Ma\u0142oinwazyjnej"},"image":{"@id":"https:\/\/webinar-med.pl\/mistrzostwa-chirurgii\/#\/schema\/logo\/image\/"}}]}},"_links":{"self":[{"href":"https:\/\/webinar-med.pl\/mistrzostwa-chirurgii\/wp-json\/wp\/v2\/pages\/608","targetHints":{"allow":["GET"]}}],"collection":[{"href":"https:\/\/webinar-med.pl\/mistrzostwa-chirurgii\/wp-json\/wp\/v2\/pages"}],"about":[{"href":"https:\/\/webinar-med.pl\/mistrzostwa-chirurgii\/wp-json\/wp\/v2\/types\/page"}],"author":[{"embeddable":true,"href":"https:\/\/webinar-med.pl\/mistrzostwa-chirurgii\/wp-json\/wp\/v2\/users\/1"}],"replies":[{"embeddable":true,"href":"https:\/\/webinar-med.pl\/mistrzostwa-chirurgii\/wp-json\/wp\/v2\/comments?post=608"}],"version-history":[{"count":18,"href":"https:\/\/webinar-med.pl\/mistrzostwa-chirurgii\/wp-json\/wp\/v2\/pages\/608\/revisions"}],"predecessor-version":[{"id":1907,"href":"https:\/\/webinar-med.pl\/mistrzostwa-chirurgii\/wp-json\/wp\/v2\/pages\/608\/revisions\/1907"}],"wp:attachment":[{"href":"https:\/\/webinar-med.pl\/mistrzostwa-chirurgii\/wp-json\/wp\/v2\/media?parent=608"}],"curies":[{"name":"wp","href":"https:\/\/api.w.org\/{rel}","templated":true}]}}