{"id":1915,"date":"2026-04-01T16:58:14","date_gmt":"2026-04-01T15:58:14","guid":{"rendered":"https:\/\/webinar-med.pl\/mistrzostwa-chirurgii\/?page_id=1915"},"modified":"2026-04-01T17:02:52","modified_gmt":"2026-04-01T16:02:52","slug":"rejestracja-teoria","status":"publish","type":"page","link":"https:\/\/webinar-med.pl\/mistrzostwa-chirurgii\/rejestracja-teoria\/","title":{"rendered":"Rejestracja teoria"},"content":{"rendered":"<div class=\"vce-row-container\"><div class=\"vce-row vce-row--col-gap-30 vce-row-no-paddings vce-row-equal-height vce-row-content--top\" id=\"el-e1c7586d\" data-vce-do-apply=\"all el-e1c7586d\" data-vce-full-width=\"true\" data-vce-stretch-content=\"true\"><div class=\"vce-content-background-container\"><\/div><div class=\"vce-row-content\" data-vce-element-content=\"true\"><div class=\"vce-col vce-col--md-auto vce-col--xs-1 vce-col--xs-last vce-col--xs-first vce-col--sm-last vce-col--sm-first vce-col--md-last vce-col--lg-last vce-col--xl-last vce-col--md-first vce-col--lg-first vce-col--xl-first\" id=\"el-840f09c6\"><div class=\"vce-col-inner\" data-vce-do-apply=\"border margin background  el-840f09c6\"><div class=\"vce-col-content\" data-vce-element-content=\"true\" data-vce-do-apply=\"padding el-840f09c6\"><div class=\"vce-single-image-container vce-single-image--align-center\"><div class=\"vce vce-single-image-wrapper\" id=\"el-3ab18542\" data-vce-do-apply=\"all el-3ab18542\"><figure><div class=\"vce-single-image-figure-inner\" style=\"width: 2560px;\"><div class=\"vce-single-image-inner vce-single-image--absolute\" style=\"width: 100%; padding-bottom: 39.375%;\"><img decoding=\"async\" class=\"vce-single-image\" src=\"https:\/\/webinar-med.pl\/mistrzostwa-chirurgii\/wp-content\/uploads\/2026\/03\/KV_web-scaled.webp\" data-img-src=\"https:\/\/webinar-med.pl\/mistrzostwa-chirurgii\/wp-content\/uploads\/2026\/03\/KV_web-scaled.webp\" data-attachment-id=\"1865\" alt=\"\" title=\"KV_web\"><\/div><\/div><figcaption hidden=\"\"><\/figcaption><\/figure><\/div><\/div><\/div><\/div><\/div><\/div><\/div><\/div><div class=\"vce-row-container\" data-vce-boxed-width=\"true\"><div class=\"vce-row vce-row--col-gap-30 vce-row-equal-height vce-row-content--top\" id=\"el-efbd7ced\" data-vce-do-apply=\"all el-efbd7ced\"><div class=\"vce-row-content\" data-vce-element-content=\"true\"><div class=\"vce-col vce-col--md-auto vce-col--xs-1 vce-col--xs-last vce-col--xs-first vce-col--sm-last vce-col--sm-first vce-col--md-last vce-col--lg-last vce-col--xl-last vce-col--md-first vce-col--lg-first vce-col--xl-first\" id=\"el-3ff7c99e\"><div class=\"vce-col-inner\" data-vce-do-apply=\"border margin background  el-3ff7c99e\"><div class=\"vce-col-content\" data-vce-element-content=\"true\" data-vce-do-apply=\"padding el-3ff7c99e\"><div class=\"vce-shortcode\"><div class=\"vce-shortcode-wrapper vce\" id=\"el-74b96c24\" data-vce-do-apply=\"all el-74b96c24\">        <form class=\"ssm-form ssm-theory-form\" method=\"post\" action=\"\">\r\n            <input type=\"hidden\" name=\"ssm_form_type\" value=\"theory_registration\">\r\n            <input type=\"hidden\" id=\"ssm_theory_registration_nonce\" name=\"ssm_theory_registration_nonce\" value=\"01dd4473ae\" \/><input type=\"hidden\" name=\"_wp_http_referer\" value=\"\/mistrzostwa-chirurgii\/wp-json\/wp\/v2\/pages\/1915\" \/>\r\n            <div class=\"ssm-form-shell\">\r\n                <div class=\"ssm-form-head\">\r\n                    <span class=\"ssm-form-flag ssm-form-flag-coral\">Rejestracja \u2014 teoria<\/span>\r\n                    <h2>Udzia\u0142 w cz\u0119\u015bci teoretycznej<\/h2>\r\n                    <p>Formularz dla os\u00f3b rejestruj\u0105cych si\u0119 wy\u0142\u0105cznie na pierwszy dzie\u0144 wydarzenia.<\/p>\r\n                <\/div>\r\n\r\n                <div class=\"ssm-form-section\">\r\n                    <h3>Dane uczestnika<\/h3>\r\n                    <div class=\"ssm-grid ssm-grid-2\">\r\n                        <div class=\"ssm-field\">\r\n                            <label for=\"ssm_theory_first_name\">Imi\u0119 <span>*<\/span><\/label>\r\n                            <input type=\"text\" id=\"ssm_theory_first_name\" name=\"first_name\" maxlength=\"100\" required>\r\n                        <\/div>\r\n\r\n                        <div class=\"ssm-field\">\r\n                            <label for=\"ssm_theory_last_name\">Nazwisko <span>*<\/span><\/label>\r\n                            <input type=\"text\" id=\"ssm_theory_last_name\" name=\"last_name\" maxlength=\"100\" required>\r\n                        <\/div>\r\n\r\n                        <div class=\"ssm-field\">\r\n                            <label for=\"ssm_theory_email\">Adres e-mail <span>*<\/span><\/label>\r\n                            <input type=\"email\" id=\"ssm_theory_email\" name=\"email\" maxlength=\"190\" required>\r\n                        <\/div>\r\n\r\n                        <div class=\"ssm-field\">\r\n                            <label for=\"ssm_theory_phone\">Telefon <span>*<\/span><\/label>\r\n                            <input type=\"tel\" id=\"ssm_theory_phone\" name=\"phone\" maxlength=\"50\" required>\r\n                        <\/div>\r\n\r\n                        <div class=\"ssm-field\">\r\n                            <label for=\"ssm_theory_title\">Tytu\u0142 naukowy<\/label>\r\n                            <input type=\"text\" id=\"ssm_theory_title\" name=\"title\" maxlength=\"100\">\r\n                        <\/div>\r\n\r\n                        <div class=\"ssm-field\">\r\n                            <label for=\"ssm_theory_specialization\">Specjalizacja<\/label>\r\n                            <input type=\"text\" id=\"ssm_theory_specialization\" name=\"specialization\" maxlength=\"190\">\r\n                        <\/div>\r\n\r\n                        <div class=\"ssm-field\">\r\n                            <label for=\"ssm_theory_participant_type\">Status uczestnika <span>*<\/span><\/label>\r\n                            <select id=\"ssm_theory_participant_type\" name=\"participant_type\" required>\r\n                                <option value=\"\">Wybierz<\/option>\r\n                                <option value=\"student\">Student<\/option>\r\n                                <option value=\"doctor\">Lekarz<\/option>\r\n                            <\/select>\r\n                        <\/div>\r\n\r\n                        <div class=\"ssm-field\">\r\n                            <label for=\"ssm_theory_institution_name\">Nazwa uczelni \/ jednostki <span>*<\/span><\/label>\r\n                            <input type=\"text\" id=\"ssm_theory_institution_name\" name=\"institution_name\" maxlength=\"190\" required>\r\n                        <\/div>\r\n                    <\/div>\r\n                <\/div>\r\n\r\n                <div class=\"ssm-form-section\">\r\n                    <h3>Dane do faktury<\/h3>\r\n\r\n                    <div class=\"ssm-checkbox\">\r\n                        <label>\r\n                            <input type=\"checkbox\" name=\"invoice_requested\" value=\"1\" data-ssm-toggle=\"invoice-box-theory\">\r\n                            Chc\u0119 otrzyma\u0107 faktur\u0119\r\n                        <\/label>\r\n                    <\/div>\r\n\r\n                    <div id=\"invoice-box-theory\" class=\"ssm-toggle-box\" hidden>\r\n                        <div class=\"ssm-grid ssm-grid-2\">\r\n                            <div class=\"ssm-field\">\r\n                                <label for=\"ssm_invoice_name_theory\">Nazwa firmy \/ jednostki <span>*<\/span><\/label>\r\n                                <input type=\"text\" id=\"ssm_invoice_name_theory\" name=\"invoice_name\" maxlength=\"190\" data-ssm-invoice-required=\"theory\">\r\n                            <\/div>\r\n\r\n                            <div class=\"ssm-field\">\r\n                                <label for=\"ssm_invoice_nip_theory\">NIP <span>*<\/span><\/label>\r\n                                <input type=\"text\" id=\"ssm_invoice_nip_theory\" name=\"invoice_nip\" maxlength=\"50\" data-ssm-invoice-required=\"theory\">\r\n                            <\/div>\r\n\r\n                            <div class=\"ssm-field\">\r\n                                <label for=\"ssm_invoice_street_theory\">Ulica i numer <span>*<\/span><\/label>\r\n                                <input type=\"text\" id=\"ssm_invoice_street_theory\" name=\"invoice_street\" maxlength=\"190\" data-ssm-invoice-required=\"theory\">\r\n                            <\/div>\r\n\r\n                            <div class=\"ssm-field\">\r\n                                <label for=\"ssm_invoice_postcode_theory\">Kod pocztowy <span>*<\/span><\/label>\r\n                                <input type=\"text\" id=\"ssm_invoice_postcode_theory\" name=\"invoice_postcode\" maxlength=\"20\" data-ssm-invoice-required=\"theory\">\r\n                            <\/div>\r\n\r\n                            <div class=\"ssm-field\">\r\n                                <label for=\"ssm_invoice_city_theory\">Miasto <span>*<\/span><\/label>\r\n                                <input type=\"text\" id=\"ssm_invoice_city_theory\" name=\"invoice_city\" maxlength=\"100\" data-ssm-invoice-required=\"theory\">\r\n                            <\/div>\r\n\r\n                            <div class=\"ssm-field\">\r\n                                <label for=\"ssm_invoice_country_theory\">Kraj <span>*<\/span><\/label>\r\n                                <input type=\"text\" id=\"ssm_invoice_country_theory\" name=\"invoice_country\" value=\"Polska\" maxlength=\"100\" data-ssm-invoice-required=\"theory\">\r\n                            <\/div>\r\n\r\n                            <div class=\"ssm-field ssm-field-full\">\r\n                                <label for=\"ssm_invoice_email_theory\">Adres e-mail do faktury <span>*<\/span><\/label>\r\n                                <input type=\"email\" id=\"ssm_invoice_email_theory\" name=\"invoice_email\" maxlength=\"190\" data-ssm-invoice-required=\"theory\">\r\n                            <\/div>\r\n                        <\/div>\r\n                    <\/div>\r\n                <\/div>\r\n\r\n                <div class=\"ssm-form-section\">\r\n                    <h3>Zgody<\/h3>\r\n\r\n                    <div class=\"ssm-consents\">\r\n                        <label class=\"ssm-checkbox\">\r\n                            <input type=\"checkbox\" name=\"required_consent\" value=\"1\" required>\r\n                            <span>Wyra\u017cam zgod\u0119 na przetwarzanie danych osobowych podanych w formularzu rejestracyjnym dla potrzeb realizacji szkolenia i przetwarzania ich przez DG Eventsfactory, ul. Lipowa 41a\/10, 62-100 W\u0105growiec, NIP 766 109 70 00; SANS SOUCI, Damian Gruszczy\u0144ski, Ewa Maza sj. ul. Zakr\u0119t 16, 60-351 Pozna\u0144, NIP: 7792443773, zgodnie z Rozporz\u0105dzeniem Parlamentu Europejskiego i Rady Europy nr. 2016\/679 z dnia 27 kwietnia 2016 roku w sprawie ochrony os\u00f3b fizycznych w zwi\u0105zku z przetwarzaniem danych osobowych i w sprawie swobodnego przep\u0142ywu takich danych oraz uchylenia dyrektywy 95\/46\/WE (og\u00f3lne rozporz\u0105dzenie o ochronie danych). <strong>*<\/strong><\/span>\r\n                        <\/label>\r\n\r\n                        <label class=\"ssm-checkbox\">\r\n                            <input type=\"checkbox\" name=\"marketing_consent\" value=\"1\">\r\n                            <span>Wyra\u017cam zgod\u0119 na przetwarzanie danych osobowych podanych w formularzu rejestracyjnym w celach marketingowych i promocyjnych przez DG Eventsfactory, ul. Lipowa 41a\/10, 62-100 W\u0105growiec, NIP 766 109 70 00; SANS SOUCI, Damian Gruszczy\u0144ski, Ewa Maza sj. ul. Zakr\u0119t 16, 60-351 Pozna\u0144, NIP: 7792443773, zgodnie z Rozporz\u0105dzeniem Parlamentu Europejskiego i Rady Europy nr. 2016\/679 z dnia 27 kwietnia 2016 roku w sprawie ochrony os\u00f3b fizycznych w zwi\u0105zku z przetwarzaniem danych osobowych i w sprawie swobodnego przep\u0142ywu takich danych oraz uchylenia dyrektywy 95\/46\/WE (og\u00f3lne rozporz\u0105dzenie o ochronie danych).<\/span>\r\n                        <\/label>\r\n                    <\/div>\r\n                <\/div>\r\n\r\n                <div class=\"ssm-form-footer\">\r\n                    <div class=\"ssm-note\">\r\n                        Po klikni\u0119ciu przycisku przejdziesz bezpo\u015brednio do p\u0142atno\u015bci online.\r\n                    <\/div>\r\n                    <button type=\"submit\" class=\"ssm-submit-btn\">Przejd\u017a do p\u0142atno\u015bci<\/button>\r\n                <\/div>\r\n            <\/div>\r\n        <\/form>\r\n        <\/div><\/div><\/div><\/div><\/div><\/div><\/div><\/div>\n","protected":false},"excerpt":{"rendered":"","protected":false},"author":1,"featured_media":0,"parent":0,"menu_order":0,"comment_status":"closed","ping_status":"closed","template":"","meta":{"site-sidebar-layout":"default","site-content-layout":"","ast-site-content-layout":"default","site-content-style":"default","site-sidebar-style":"default","ast-global-header-display":"","ast-banner-title-visibility":"","ast-main-header-display":"","ast-hfb-above-header-display":"","ast-hfb-below-header-display":"","ast-hfb-mobile-header-display":"","site-post-title":"","ast-breadcrumbs-content":"","ast-featured-img":"","footer-sml-layout":"","ast-disable-related-posts":"","theme-transparent-header-meta":"default","adv-header-id-meta":"","stick-header-meta":"","header-above-stick-meta":"","header-main-stick-meta":"","header-below-stick-meta":"","astra-migrate-meta-layouts":"set","ast-page-background-enabled":"default","ast-page-background-meta":{"desktop":{"background-color":"var(--ast-global-color-4)","background-image":"","background-repeat":"repeat","background-position":"center center","background-size":"auto","background-attachment":"scroll","background-type":"","background-media":"","overlay-type":"","overlay-color":"","overlay-opacity":"","overlay-gradient":""},"tablet":{"background-color":"","background-image":"","background-repeat":"repeat","background-position":"center center","background-size":"auto","background-attachment":"scroll","background-type":"","background-media":"","overlay-type":"","overlay-color":"","overlay-opacity":"","overlay-gradient":""},"mobile":{"background-color":"","background-image":"","background-repeat":"repeat","background-position":"center center","background-size":"auto","background-attachment":"scroll","background-type":"","background-media":"","overlay-type":"","overlay-color":"","overlay-opacity":"","overlay-gradient":""}},"ast-content-background-meta":{"desktop":{"background-color":"var(--ast-global-color-5)","background-image":"","background-repeat":"repeat","background-position":"center center","background-size":"auto","background-attachment":"scroll","background-type":"","background-media":"","overlay-type":"","overlay-color":"","overlay-opacity":"","overlay-gradient":""},"tablet":{"background-color":"var(--ast-global-color-5)","background-image":"","background-repeat":"repeat","background-position":"center center","background-size":"auto","background-attachment":"scroll","background-type":"","background-media":"","overlay-type":"","overlay-color":"","overlay-opacity":"","overlay-gradient":""},"mobile":{"background-color":"var(--ast-global-color-5)","background-image":"","background-repeat":"repeat","background-position":"center center","background-size":"auto","background-attachment":"scroll","background-type":"","background-media":"","overlay-type":"","overlay-color":"","overlay-opacity":"","overlay-gradient":""}},"footnotes":""},"class_list":["post-1915","page","type-page","status-publish","hentry"],"acf":[],"yoast_head":"<!-- This site is optimized with the Yoast SEO plugin v27.4 - https:\/\/yoast.com\/product\/yoast-seo-wordpress\/ -->\n<title>Rejestracja teoria - I Mistrzostwa Polski w Chirurgii Ma\u0142oinwazyjnej<\/title>\n<meta name=\"robots\" content=\"index, follow, max-snippet:-1, max-image-preview:large, max-video-preview:-1\" \/>\n<link rel=\"canonical\" href=\"https:\/\/webinar-med.pl\/mistrzostwa-chirurgii\/rejestracja-teoria\/\" \/>\n<meta property=\"og:locale\" content=\"pl_PL\" \/>\n<meta property=\"og:type\" content=\"article\" \/>\n<meta property=\"og:title\" content=\"Rejestracja teoria - I Mistrzostwa Polski w Chirurgii Ma\u0142oinwazyjnej\" \/>\n<meta property=\"og:url\" content=\"https:\/\/webinar-med.pl\/mistrzostwa-chirurgii\/rejestracja-teoria\/\" \/>\n<meta property=\"og:site_name\" content=\"I Mistrzostwa Polski w Chirurgii Ma\u0142oinwazyjnej\" \/>\n<meta property=\"article:modified_time\" content=\"2026-04-01T16:02:52+00:00\" \/>\n<meta name=\"twitter:card\" content=\"summary_large_image\" \/>\n<script type=\"application\/ld+json\" class=\"yoast-schema-graph\">{\"@context\":\"https:\\\/\\\/schema.org\",\"@graph\":[{\"@type\":\"WebPage\",\"@id\":\"https:\\\/\\\/webinar-med.pl\\\/mistrzostwa-chirurgii\\\/rejestracja-teoria\\\/\",\"url\":\"https:\\\/\\\/webinar-med.pl\\\/mistrzostwa-chirurgii\\\/rejestracja-teoria\\\/\",\"name\":\"Rejestracja teoria - I Mistrzostwa Polski w Chirurgii Ma\u0142oinwazyjnej\",\"isPartOf\":{\"@id\":\"https:\\\/\\\/webinar-med.pl\\\/mistrzostwa-chirurgii\\\/#website\"},\"datePublished\":\"2026-04-01T15:58:14+00:00\",\"dateModified\":\"2026-04-01T16:02:52+00:00\",\"breadcrumb\":{\"@id\":\"https:\\\/\\\/webinar-med.pl\\\/mistrzostwa-chirurgii\\\/rejestracja-teoria\\\/#breadcrumb\"},\"inLanguage\":\"pl-PL\",\"potentialAction\":[{\"@type\":\"ReadAction\",\"target\":[\"https:\\\/\\\/webinar-med.pl\\\/mistrzostwa-chirurgii\\\/rejestracja-teoria\\\/\"]}]},{\"@type\":\"BreadcrumbList\",\"@id\":\"https:\\\/\\\/webinar-med.pl\\\/mistrzostwa-chirurgii\\\/rejestracja-teoria\\\/#breadcrumb\",\"itemListElement\":[{\"@type\":\"ListItem\",\"position\":1,\"name\":\"Strona g\u0142\u00f3wna\",\"item\":\"https:\\\/\\\/webinar-med.pl\\\/mistrzostwa-chirurgii\\\/\"},{\"@type\":\"ListItem\",\"position\":2,\"name\":\"Rejestracja teoria\"}]},{\"@type\":\"WebSite\",\"@id\":\"https:\\\/\\\/webinar-med.pl\\\/mistrzostwa-chirurgii\\\/#website\",\"url\":\"https:\\\/\\\/webinar-med.pl\\\/mistrzostwa-chirurgii\\\/\",\"name\":\"I Mistrzostwa Polski w Chirurgii Ma\u0142oinwazyjnej\",\"description\":\"23-24 pa\u017adziernika 2026\",\"publisher\":{\"@id\":\"https:\\\/\\\/webinar-med.pl\\\/mistrzostwa-chirurgii\\\/#organization\"},\"potentialAction\":[{\"@type\":\"SearchAction\",\"target\":{\"@type\":\"EntryPoint\",\"urlTemplate\":\"https:\\\/\\\/webinar-med.pl\\\/mistrzostwa-chirurgii\\\/?s={search_term_string}\"},\"query-input\":{\"@type\":\"PropertyValueSpecification\",\"valueRequired\":true,\"valueName\":\"search_term_string\"}}],\"inLanguage\":\"pl-PL\"},{\"@type\":\"Organization\",\"@id\":\"https:\\\/\\\/webinar-med.pl\\\/mistrzostwa-chirurgii\\\/#organization\",\"name\":\"I Mistrzostwa Polski w Chirurgii Ma\u0142oinwazyjnej\",\"url\":\"https:\\\/\\\/webinar-med.pl\\\/mistrzostwa-chirurgii\\\/\",\"logo\":{\"@type\":\"ImageObject\",\"inLanguage\":\"pl-PL\",\"@id\":\"https:\\\/\\\/webinar-med.pl\\\/mistrzostwa-chirurgii\\\/#\\\/schema\\\/logo\\\/image\\\/\",\"url\":\"https:\\\/\\\/webinar-med.pl\\\/mistrzostwa-chirurgii\\\/wp-content\\\/uploads\\\/2023\\\/06\\\/logo_webinarmed.webp\",\"contentUrl\":\"https:\\\/\\\/webinar-med.pl\\\/mistrzostwa-chirurgii\\\/wp-content\\\/uploads\\\/2023\\\/06\\\/logo_webinarmed.webp\",\"width\":345,\"height\":90,\"caption\":\"I Mistrzostwa Polski w Chirurgii Ma\u0142oinwazyjnej\"},\"image\":{\"@id\":\"https:\\\/\\\/webinar-med.pl\\\/mistrzostwa-chirurgii\\\/#\\\/schema\\\/logo\\\/image\\\/\"}}]}<\/script>\n<!-- \/ Yoast SEO plugin. -->","yoast_head_json":{"title":"Rejestracja teoria - I Mistrzostwa Polski w Chirurgii Ma\u0142oinwazyjnej","robots":{"index":"index","follow":"follow","max-snippet":"max-snippet:-1","max-image-preview":"max-image-preview:large","max-video-preview":"max-video-preview:-1"},"canonical":"https:\/\/webinar-med.pl\/mistrzostwa-chirurgii\/rejestracja-teoria\/","og_locale":"pl_PL","og_type":"article","og_title":"Rejestracja teoria - I Mistrzostwa Polski w Chirurgii Ma\u0142oinwazyjnej","og_url":"https:\/\/webinar-med.pl\/mistrzostwa-chirurgii\/rejestracja-teoria\/","og_site_name":"I Mistrzostwa Polski w Chirurgii Ma\u0142oinwazyjnej","article_modified_time":"2026-04-01T16:02:52+00:00","twitter_card":"summary_large_image","schema":{"@context":"https:\/\/schema.org","@graph":[{"@type":"WebPage","@id":"https:\/\/webinar-med.pl\/mistrzostwa-chirurgii\/rejestracja-teoria\/","url":"https:\/\/webinar-med.pl\/mistrzostwa-chirurgii\/rejestracja-teoria\/","name":"Rejestracja teoria - I Mistrzostwa Polski w Chirurgii Ma\u0142oinwazyjnej","isPartOf":{"@id":"https:\/\/webinar-med.pl\/mistrzostwa-chirurgii\/#website"},"datePublished":"2026-04-01T15:58:14+00:00","dateModified":"2026-04-01T16:02:52+00:00","breadcrumb":{"@id":"https:\/\/webinar-med.pl\/mistrzostwa-chirurgii\/rejestracja-teoria\/#breadcrumb"},"inLanguage":"pl-PL","potentialAction":[{"@type":"ReadAction","target":["https:\/\/webinar-med.pl\/mistrzostwa-chirurgii\/rejestracja-teoria\/"]}]},{"@type":"BreadcrumbList","@id":"https:\/\/webinar-med.pl\/mistrzostwa-chirurgii\/rejestracja-teoria\/#breadcrumb","itemListElement":[{"@type":"ListItem","position":1,"name":"Strona g\u0142\u00f3wna","item":"https:\/\/webinar-med.pl\/mistrzostwa-chirurgii\/"},{"@type":"ListItem","position":2,"name":"Rejestracja teoria"}]},{"@type":"WebSite","@id":"https:\/\/webinar-med.pl\/mistrzostwa-chirurgii\/#website","url":"https:\/\/webinar-med.pl\/mistrzostwa-chirurgii\/","name":"I Mistrzostwa Polski w Chirurgii Ma\u0142oinwazyjnej","description":"23-24 pa\u017adziernika 2026","publisher":{"@id":"https:\/\/webinar-med.pl\/mistrzostwa-chirurgii\/#organization"},"potentialAction":[{"@type":"SearchAction","target":{"@type":"EntryPoint","urlTemplate":"https:\/\/webinar-med.pl\/mistrzostwa-chirurgii\/?s={search_term_string}"},"query-input":{"@type":"PropertyValueSpecification","valueRequired":true,"valueName":"search_term_string"}}],"inLanguage":"pl-PL"},{"@type":"Organization","@id":"https:\/\/webinar-med.pl\/mistrzostwa-chirurgii\/#organization","name":"I Mistrzostwa Polski w Chirurgii Ma\u0142oinwazyjnej","url":"https:\/\/webinar-med.pl\/mistrzostwa-chirurgii\/","logo":{"@type":"ImageObject","inLanguage":"pl-PL","@id":"https:\/\/webinar-med.pl\/mistrzostwa-chirurgii\/#\/schema\/logo\/image\/","url":"https:\/\/webinar-med.pl\/mistrzostwa-chirurgii\/wp-content\/uploads\/2023\/06\/logo_webinarmed.webp","contentUrl":"https:\/\/webinar-med.pl\/mistrzostwa-chirurgii\/wp-content\/uploads\/2023\/06\/logo_webinarmed.webp","width":345,"height":90,"caption":"I Mistrzostwa Polski w Chirurgii Ma\u0142oinwazyjnej"},"image":{"@id":"https:\/\/webinar-med.pl\/mistrzostwa-chirurgii\/#\/schema\/logo\/image\/"}}]}},"_links":{"self":[{"href":"https:\/\/webinar-med.pl\/mistrzostwa-chirurgii\/wp-json\/wp\/v2\/pages\/1915","targetHints":{"allow":["GET"]}}],"collection":[{"href":"https:\/\/webinar-med.pl\/mistrzostwa-chirurgii\/wp-json\/wp\/v2\/pages"}],"about":[{"href":"https:\/\/webinar-med.pl\/mistrzostwa-chirurgii\/wp-json\/wp\/v2\/types\/page"}],"author":[{"embeddable":true,"href":"https:\/\/webinar-med.pl\/mistrzostwa-chirurgii\/wp-json\/wp\/v2\/users\/1"}],"replies":[{"embeddable":true,"href":"https:\/\/webinar-med.pl\/mistrzostwa-chirurgii\/wp-json\/wp\/v2\/comments?post=1915"}],"version-history":[{"count":3,"href":"https:\/\/webinar-med.pl\/mistrzostwa-chirurgii\/wp-json\/wp\/v2\/pages\/1915\/revisions"}],"predecessor-version":[{"id":1919,"href":"https:\/\/webinar-med.pl\/mistrzostwa-chirurgii\/wp-json\/wp\/v2\/pages\/1915\/revisions\/1919"}],"wp:attachment":[{"href":"https:\/\/webinar-med.pl\/mistrzostwa-chirurgii\/wp-json\/wp\/v2\/media?parent=1915"}],"curies":[{"name":"wp","href":"https:\/\/api.w.org\/{rel}","templated":true}]}}