{"id":3,"date":"2022-02-08T09:21:28","date_gmt":"2022-02-08T09:21:28","guid":{"rendered":"https:\/\/webinar-med.pl\/korepetycje-urologiczne\/?page_id=3"},"modified":"2024-02-23T11:31:48","modified_gmt":"2024-02-23T10:31:48","slug":"privacy-policy","status":"publish","type":"page","link":"https:\/\/webinar-med.pl\/korepetycje-urologiczne\/privacy-policy\/","title":{"rendered":"Privacy Policy"},"content":{"rendered":"<div class=\"vce-row-container\" data-vce-boxed-width=\"true\"><div class=\"vce-row vce-row--col-gap-30 vce-row-equal-height vce-row-content--top\" id=\"el-4f94013c\" data-vce-do-apply=\"all el-4f94013c\"><div class=\"vce-content-background-container\"><\/div><div class=\"vce-row-content\" data-vce-element-content=\"true\"><div class=\"vce-col vce-col--md-auto vce-col--xs-1 vce-col--xs-last vce-col--xs-first vce-col--sm-last vce-col--sm-first vce-col--md-last vce-col--lg-last vce-col--xl-last vce-col--md-first vce-col--lg-first vce-col--xl-first\" id=\"el-ce386357\"><div class=\"vce-col-inner\" data-vce-do-apply=\"border margin background  el-ce386357\"><div class=\"vce-col-content\" data-vce-element-content=\"true\" data-vce-do-apply=\"padding el-ce386357\"><div class=\"vce-text-block\"><div class=\"vce-text-block-wrapper vce\" id=\"el-891c2fc0\" data-vce-do-apply=\"all el-891c2fc0\"><p><strong>POLITYKA PRYWATNO\u015aCI<\/strong><\/p><p><strong>Informacje og\u00f3lne.<\/strong><\/p><ol><li>Operatorem Serwisu s\u0105:<ol><li>Sans Souci, Damian Gruszczy\u0144ski, Ewa Maza Sp. j. ul. Zakr\u0119t 16, 60-531 Pozna\u0144, NIP: 7792443773, KRS: 0000624779<\/li><li>DG EVENTSFACOTRY z siedzib\u0105 w W\u0105growcu, 10, 62-100 W\u0105growiec, ul. Lipowa 41a, NIP: 7661097000<\/li><\/ol><\/li><li>Serwis realizuje funkcje pozyskiwania informacji o u\u017cytkownikach i ich zachowaniu w nast\u0119puj\u0105cy spos\u00f3b:<\/li><\/ol><ul><li>Poprzez dobrowolnie wprowadzone w formularzach informacje.<\/li><li>Poprzez zapisywanie w urz\u0105dzeniach ko\u0144cowych pliki cookie (tzw. \u201eciasteczka\u201d).<\/li><li>Poprzez gromadzenie log\u00f3w serwera www przez operatora hostingowego ZenBox, funkcjonuj\u0105cego pod adresem www.zenbox.pl<\/li><\/ul><p><strong>Informacje w formularzach.<\/strong><\/p><ol><li>Serwis zbiera informacje podane dobrowolnie przez u\u017cytkownika.<\/li><li>Serwis mo\u017ce zapisa\u0107 ponadto informacje o parametrach po\u0142\u0105czenia (oznaczenie czasu, adres IP)<\/li><li>Dane w formularzu nie s\u0105 udost\u0119pniane podmiotom trzecim inaczej, ni\u017c za zgod\u0105 u\u017cytkownika.<\/li><li>Dane podane w formularzu mog\u0105 stanowi\u0107 zbi\u00f3r potencjalnych klient\u00f3w, zarejestrowany przez Operatora Serwisu w rejestrze prowadzonym przez Generalnego Inspektora Ochrony Danych Osobowych.<\/li><li>Dane podane w formularzu s\u0105 przetwarzane w celu wynikaj\u0105cym z funkcji konkretnego formularza, np w celu dokonania procesu obs\u0142ugi zg\u0142oszenia serwisowego lub kontaktu handlowego.<\/li><li>Dane podane w formularzach mog\u0105 by\u0107 przekazane podmiotom technicznie realizuj\u0105cym niekt\u00f3re us\u0142ugi \u2013 w szczeg\u00f3lno\u015bci dotyczy to przekazywania informacji o posiadaczu rejestrowanej domeny do podmiot\u00f3w b\u0119d\u0105cych operatorami domen internetowych (przede wszystkim Naukowa i Akademicka Sie\u0107 Komputerowa j.b.r \u2013 NASK), serwis\u00f3w obs\u0142uguj\u0105cych p\u0142atno\u015bci lub te\u017c innych podmiot\u00f3w, z kt\u00f3rymi Operator Serwisu w tym zakresie wsp\u00f3\u0142pracuje.<\/li><\/ol><p><strong>Informacja o plikach cookies.<\/strong><\/p><ol><li>Serwis korzysta z plik\u00f3w cookies.<\/li><li>Pliki cookies (tzw. \u201eciasteczka\u201d) stanowi\u0105 dane informatyczne, w szczeg\u00f3lno\u015bci pliki tekstowe, kt\u00f3re przechowywane s\u0105 w urz\u0105dzeniu ko\u0144cowym U\u017cytkownika Serwisu i przeznaczone s\u0105 do korzystania ze stron internetowych Serwisu. Cookies zazwyczaj zawieraj\u0105 nazw\u0119 strony internetowej, z kt\u00f3rej pochodz\u0105, czas przechowywania ich na urz\u0105dzeniu ko\u0144cowym oraz unikalny numer.<\/li><li>Podmiotem zamieszczaj\u0105cym na urz\u0105dzeniu ko\u0144cowym U\u017cytkownika Serwisu pliki cookies oraz uzyskuj\u0105cym do nich dost\u0119p jest operator Serwisu.<\/li><li>Pliki cookies wykorzystywane s\u0105 w nast\u0119puj\u0105cych celach:<\/li><\/ol><ul><li>tworzenia statystyk, kt\u00f3re pomagaj\u0105 zrozumie\u0107, w jaki spos\u00f3b U\u017cytkownicy Serwisu korzystaj\u0105 ze stron internetowych, co umo\u017cliwia ulepszanie ich struktury i zawarto\u015bci;<\/li><li>utrzymanie sesji U\u017cytkownika Serwisu (po zalogowaniu), dzi\u0119ki kt\u00f3rej U\u017cytkownik nie musi na ka\u017cdej podstronie Serwisu ponownie wpisywa\u0107 loginu i has\u0142a;<\/li><li>okre\u015blania profilu u\u017cytkownika w celu wy\u015bwietlania mu dopasowanych materia\u0142\u00f3w w sieciach reklamowych, w szczeg\u00f3lno\u015bci sieci Google.<\/li><\/ul><ol><li>W ramach Serwisu stosowane s\u0105 dwa zasadnicze rodzaje plik\u00f3w cookies: \u201esesyjne\u201d (session cookies) oraz \u201esta\u0142e\u201d (persistent cookies). Cookies \u201esesyjne\u201d s\u0105 plikami tymczasowymi, kt\u00f3re przechowywane s\u0105 w urz\u0105dzeniu ko\u0144cowym U\u017cytkownika do czasu wylogowania, opuszczenia strony internetowej lub wy\u0142\u0105czenia oprogramowania (przegl\u0105darki internetowej). \u201eSta\u0142e\u201d pliki cookies przechowywane s\u0105 w urz\u0105dzeniu ko\u0144cowym U\u017cytkownika przez czas okre\u015blony w parametrach plik\u00f3w cookies lub do czasu ich usuni\u0119cia przez U\u017cytkownika.<\/li><li>Oprogramowanie do przegl\u0105dania stron internetowych (przegl\u0105darka internetowa) zazwyczaj domy\u015blnie dopuszcza przechowywanie plik\u00f3w cookies w urz\u0105dzeniu ko\u0144cowym U\u017cytkownika. U\u017cytkownicy Serwisu mog\u0105 dokona\u0107 zmiany ustawie\u0144 w tym zakresie. Przegl\u0105darka internetowa umo\u017cliwia usuni\u0119cie plik\u00f3w cookies. Mo\u017cliwe jest tak\u017ce automatyczne blokowanie plik\u00f3w cookies Szczeg\u00f3\u0142owe informacje na ten temat zawiera pomoc lub dokumentacja przegl\u0105darki internetowej.<\/li><li>Ograniczenia stosowania plik\u00f3w cookies mog\u0105 wp\u0142yn\u0105\u0107 na niekt\u00f3re funkcjonalno\u015bci dost\u0119pne na stronach internetowych Serwisu.<\/li><li>Pliki cookies zamieszczane w urz\u0105dzeniu ko\u0144cowym U\u017cytkownika Serwisu i wykorzystywane mog\u0105 by\u0107 r\u00f3wnie\u017c przez wsp\u00f3\u0142pracuj\u0105cych z operatorem Serwisu reklamodawc\u00f3w oraz partner\u00f3w.<\/li><li>Zalecamy przeczytanie polityki ochrony prywatno\u015bci tych firm, aby pozna\u0107 zasady korzystania z plik\u00f3w cookie wykorzystywane w statystykach:&nbsp;<a href=\"http:\/\/www.google.pl\/intl\/pl\/analytics\/privacyoverview.html\">Polityka ochrony prywatno\u015bci Google Analytics<\/a><\/li><li>Pliki cookie mog\u0105 by\u0107 wykorzystane przez sieci reklamowe, w szczeg\u00f3lno\u015bci sie\u0107 Google, do wy\u015bwietlenia reklam dopasowanych do sposobu, w jaki u\u017cytkownik korzysta z Serwisu. W tym celu mog\u0105 zachowa\u0107 informacj\u0119 o \u015bcie\u017cce nawigacji u\u017cytkownika lub czasie pozostawania na danej stronie.<\/li><li>W zakresie informacji o preferencjach u\u017cytkownika gromadzonych przez sie\u0107 reklamow\u0105 Google u\u017cytkownik mo\u017ce przegl\u0105da\u0107 i edytowa\u0107 informacje wynikaj\u0105ce z plik\u00f3w cookies przy pomocy narz\u0119dzia:&nbsp;<a href=\"https:\/\/www.google.com\/ads\/preferences\/\">https:\/\/www.google.com\/ads\/preferences\/<\/a><\/li><\/ol><p><strong>Logi serwera.<\/strong><\/p><ol><li>Informacje o niekt\u00f3rych zachowaniach u\u017cytkownik\u00f3w podlegaj\u0105 logowaniu w warstwie serwerowej. Dane te s\u0105 wykorzystywane wy\u0142\u0105cznie w celu administrowania serwisem oraz w celu zapewnienia jak najbardziej sprawnej obs\u0142ugi \u015bwiadczonych us\u0142ug hostingowych.<\/li><li>Przegl\u0105dane zasoby identyfikowane s\u0105 poprzez adresy URL. Ponadto zapisowi mog\u0105 podlega\u0107:<\/li><\/ol><ul><li>czas nadej\u015bcia zapytania,<\/li><li>czas wys\u0142ania odpowiedzi,<\/li><li>nazw\u0119 stacji klienta \u2013 identyfikacja realizowana przez protok\u00f3\u0142 HTTP,<\/li><li>informacje o b\u0142\u0119dach jakie nast\u0105pi\u0142y przy realizacji transakcji HTTP,<\/li><li>adres URL strony poprzednio odwiedzanej przez u\u017cytkownika (referer link) \u2013 w przypadku gdy przej\u015bcie do Serwisu nast\u0105pi\u0142o przez odno\u015bnik,<\/li><li>informacje o przegl\u0105darce u\u017cytkownika,<\/li><li>Informacje o adresie IP.<\/li><\/ul><ol><li>Dane powy\u017csze nie s\u0105 kojarzone z konkretnymi osobami przegl\u0105daj\u0105cymi strony.<\/li><li>Dane powy\u017csze s\u0105 wykorzystywane jedynie dla cel\u00f3w administrowania serwerem.<\/li><\/ol><p><strong>Udost\u0119pnienie danych.<\/strong><\/p><ol><li>Dane podlegaj\u0105 udost\u0119pnieniu podmiotom zewn\u0119trznym wy\u0142\u0105cznie w granicach prawnie dozwolonych.<\/li><li>Dane umo\u017cliwiaj\u0105ce identyfikacj\u0119 osoby fizycznej s\u0105 udost\u0119pniane wy\u0142\u0105czenie za zgod\u0105 tej osoby.<\/li><li>Operator mo\u017ce mie\u0107 obowi\u0105zek udzielania informacji zebranych przez Serwis upowa\u017cnionym organom na podstawie zgodnych z prawem \u017c\u0105da\u0144 w zakresie wynikaj\u0105cym z \u017c\u0105dania.<\/li><\/ol><p><strong>Zarz\u0105dzanie plikami cookies \u2013 jak w praktyce wyra\u017ca\u0107 i cofa\u0107 zgod\u0119?<\/strong><\/p><ol><li>Je\u015bli u\u017cytkownik nie chce otrzymywa\u0107 plik\u00f3w cookies, mo\u017ce zmieni\u0107 ustawienia przegl\u0105darki. Zastrzegamy, \u017ce wy\u0142\u0105czenie obs\u0142ugi plik\u00f3w cookies niezb\u0119dnych dla proces\u00f3w uwierzytelniania, bezpiecze\u0144stwa, utrzymania preferencji u\u017cytkownika mo\u017ce utrudni\u0107, a w skrajnych przypadkach mo\u017ce uniemo\u017cliwi\u0107 korzystanie ze stron www<\/li><li>W celu zarz\u0105dzania ustawieniami cookies wybierz z listy poni\u017cej przegl\u0105dark\u0119 internetow\u0105\/ system i post\u0119puj zgodnie z instrukcjami:<\/li><\/ol><ul><li><a href=\"http:\/\/support.microsoft.com\/kb\/196955\">Internet Explorer<\/a><\/li><li><a href=\"http:\/\/support.google.com\/chrome\/bin\/answer.py?hl=pl&amp;answer=95647\">Chrome<\/a><\/li><li><a href=\"http:\/\/support.apple.com\/kb\/PH5042\">Safari<\/a><\/li><li><a href=\"http:\/\/support.mozilla.org\/pl\/kb\/W%C5%82%C4%85czanie%20i%20wy%C5%82%C4%85czanie%20obs%C5%82ugi%20ciasteczek\">Firefox<\/a><\/li><li><a href=\"http:\/\/help.opera.com\/Windows\/12.10\/pl\/cookies.html\">Opera<\/a><\/li><li><a href=\"http:\/\/support.google.com\/chrome\/bin\/answer.py?hl=pl&amp;answer=95647\">Android<\/a><\/li><li><a href=\"http:\/\/support.apple.com\/kb\/HT1677?viewlocale=pl_PL\">Safari (iOS)<\/a><\/li><li><a href=\"http:\/\/www.windowsphone.com\/pl-pl\/how-to\/wp7\/web\/changing-privacy-and-other-browser-settings\">Windows Phone<\/a><\/li><li><a href=\"http:\/\/docs.blackberry.com\/en\/smartphone_users\/deliverables\/32004\/Turn_off_cookies_in_the_browser_60_1072866_11.jsp\">Blackberry<\/a><\/li><\/ul><\/div><\/div><\/div><\/div><\/div><\/div><\/div><\/div>\n","protected":false},"excerpt":{"rendered":"<p>POLITYKA PRYWATNO\u015aCIInformacje og\u00f3lne.Operatorem Serwisu s\u0105:Sans Souci, Damian Gruszczy\u0144ski, Ewa Maza Sp. j. ul. Zakr\u0119t 16, 60-531 Pozna\u0144, NIP: 7792443773, KRS: 0000624779DG EVENTSFACOTRY z siedzib\u0105 w W\u0105growcu, 10, 62-100 W\u0105growiec, ul. Lipowa 41a, NIP: 7661097000Serwis realizuje funkcje pozyskiwania informacji o u\u017cytkownikach i ich zachowaniu w nast\u0119puj\u0105cy spos\u00f3b:Poprzez dobrowolnie wprowadzone w formularzach informacje.Poprzez zapisywanie w urz\u0105dzeniach ko\u0144cowych [&hellip;]<\/p>\n","protected":false},"author":1,"featured_media":0,"parent":0,"menu_order":0,"comment_status":"closed","ping_status":"open","template":"","meta":{"_monsterinsights_skip_tracking":false,"_monsterinsights_sitenote_active":false,"_monsterinsights_sitenote_note":"","_monsterinsights_sitenote_category":0,"site-sidebar-layout":"default","site-content-layout":"","ast-site-content-layout":"default","site-content-style":"default","site-sidebar-style":"default","ast-global-header-display":"","ast-banner-title-visibility":"","ast-main-header-display":"","ast-hfb-above-header-display":"","ast-hfb-below-header-display":"","ast-hfb-mobile-header-display":"","site-post-title":"","ast-breadcrumbs-content":"","ast-featured-img":"","footer-sml-layout":"","theme-transparent-header-meta":"","adv-header-id-meta":"","stick-header-meta":"","header-above-stick-meta":"","header-main-stick-meta":"","header-below-stick-meta":"","astra-migrate-meta-layouts":"default","ast-page-background-enabled":"default","ast-page-background-meta":{"desktop":{"background-color":"var(--ast-global-color-4)","background-image":"","background-repeat":"repeat","background-position":"center center","background-size":"auto","background-attachment":"scroll","background-type":"","background-media":"","overlay-type":"","overlay-color":"","overlay-opacity":"","overlay-gradient":""},"tablet":{"background-color":"","background-image":"","background-repeat":"repeat","background-position":"center center","background-size":"auto","background-attachment":"scroll","background-type":"","background-media":"","overlay-type":"","overlay-color":"","overlay-opacity":"","overlay-gradient":""},"mobile":{"background-color":"","background-image":"","background-repeat":"repeat","background-position":"center center","background-size":"auto","background-attachment":"scroll","background-type":"","background-media":"","overlay-type":"","overlay-color":"","overlay-opacity":"","overlay-gradient":""}},"ast-content-background-meta":{"desktop":{"background-color":"var(--ast-global-color-5)","background-image":"","background-repeat":"repeat","background-position":"center center","background-size":"auto","background-attachment":"scroll","background-type":"","background-media":"","overlay-type":"","overlay-color":"","overlay-opacity":"","overlay-gradient":""},"tablet":{"background-color":"var(--ast-global-color-5)","background-image":"","background-repeat":"repeat","background-position":"center center","background-size":"auto","background-attachment":"scroll","background-type":"","background-media":"","overlay-type":"","overlay-color":"","overlay-opacity":"","overlay-gradient":""},"mobile":{"background-color":"var(--ast-global-color-5)","background-image":"","background-repeat":"repeat","background-position":"center center","background-size":"auto","background-attachment":"scroll","background-type":"","background-media":"","overlay-type":"","overlay-color":"","overlay-opacity":"","overlay-gradient":""}},"footnotes":""},"class_list":["post-3","page","type-page","status-publish","hentry"],"acf":[],"yoast_head":"<!-- This site is optimized with the Yoast SEO plugin v25.8 - https:\/\/yoast.com\/wordpress\/plugins\/seo\/ -->\n<title>Privacy Policy - Korepetycje dla adept&oacute;w urologii 2025<\/title>\n<meta name=\"robots\" content=\"index, follow, max-snippet:-1, max-image-preview:large, max-video-preview:-1\" \/>\n<link rel=\"canonical\" href=\"https:\/\/webinar-med.pl\/korepetycje-urologiczne\/privacy-policy\/\" \/>\n<meta property=\"og:locale\" content=\"pl_PL\" \/>\n<meta property=\"og:type\" content=\"article\" \/>\n<meta property=\"og:title\" content=\"Privacy Policy - Korepetycje dla adept&oacute;w urologii 2025\" \/>\n<meta property=\"og:description\" content=\"POLITYKA PRYWATNO\u015aCIInformacje og\u00f3lne.Operatorem Serwisu s\u0105:Sans Souci, Damian Gruszczy\u0144ski, Ewa Maza Sp. j. ul. Zakr\u0119t 16, 60-531 Pozna\u0144, NIP: 7792443773, KRS: 0000624779DG EVENTSFACOTRY z siedzib\u0105 w W\u0105growcu, 10, 62-100 W\u0105growiec, ul. Lipowa 41a, NIP: 7661097000Serwis realizuje funkcje pozyskiwania informacji o u\u017cytkownikach i ich zachowaniu w nast\u0119puj\u0105cy spos\u00f3b:Poprzez dobrowolnie wprowadzone w formularzach informacje.Poprzez zapisywanie w urz\u0105dzeniach ko\u0144cowych [&hellip;]\" \/>\n<meta property=\"og:url\" content=\"https:\/\/webinar-med.pl\/korepetycje-urologiczne\/privacy-policy\/\" \/>\n<meta property=\"og:site_name\" content=\"Korepetycje dla adept&oacute;w urologii 2025\" \/>\n<meta property=\"article:modified_time\" content=\"2024-02-23T10:31:48+00:00\" \/>\n<meta name=\"twitter:card\" content=\"summary_large_image\" \/>\n<meta name=\"twitter:label1\" content=\"Szacowany czas czytania\" \/>\n\t<meta name=\"twitter:data1\" content=\"5 minut\" \/>\n<script type=\"application\/ld+json\" class=\"yoast-schema-graph\">{\"@context\":\"https:\/\/schema.org\",\"@graph\":[{\"@type\":\"WebPage\",\"@id\":\"https:\/\/webinar-med.pl\/korepetycje-urologiczne\/privacy-policy\/\",\"url\":\"https:\/\/webinar-med.pl\/korepetycje-urologiczne\/privacy-policy\/\",\"name\":\"Privacy Policy - Korepetycje dla adept&oacute;w urologii 2025\",\"isPartOf\":{\"@id\":\"https:\/\/webinar-med.pl\/korepetycje-urologiczne\/#website\"},\"datePublished\":\"2022-02-08T09:21:28+00:00\",\"dateModified\":\"2024-02-23T10:31:48+00:00\",\"breadcrumb\":{\"@id\":\"https:\/\/webinar-med.pl\/korepetycje-urologiczne\/privacy-policy\/#breadcrumb\"},\"inLanguage\":\"pl-PL\",\"potentialAction\":[{\"@type\":\"ReadAction\",\"target\":[\"https:\/\/webinar-med.pl\/korepetycje-urologiczne\/privacy-policy\/\"]}]},{\"@type\":\"BreadcrumbList\",\"@id\":\"https:\/\/webinar-med.pl\/korepetycje-urologiczne\/privacy-policy\/#breadcrumb\",\"itemListElement\":[{\"@type\":\"ListItem\",\"position\":1,\"name\":\"Strona g\u0142\u00f3wna\",\"item\":\"https:\/\/webinar-med.pl\/korepetycje-urologiczne\/\"},{\"@type\":\"ListItem\",\"position\":2,\"name\":\"Privacy Policy\"}]},{\"@type\":\"WebSite\",\"@id\":\"https:\/\/webinar-med.pl\/korepetycje-urologiczne\/#website\",\"url\":\"https:\/\/webinar-med.pl\/korepetycje-urologiczne\/\",\"name\":\"Korepetycje dla adept&oacute;w urologii 2025\",\"description\":\"Krak&oacute;w - Gda\u0144sk - KWIECIE\u0143 2025\",\"publisher\":{\"@id\":\"https:\/\/webinar-med.pl\/korepetycje-urologiczne\/#organization\"},\"potentialAction\":[{\"@type\":\"SearchAction\",\"target\":{\"@type\":\"EntryPoint\",\"urlTemplate\":\"https:\/\/webinar-med.pl\/korepetycje-urologiczne\/?s={search_term_string}\"},\"query-input\":{\"@type\":\"PropertyValueSpecification\",\"valueRequired\":true,\"valueName\":\"search_term_string\"}}],\"inLanguage\":\"pl-PL\"},{\"@type\":\"Organization\",\"@id\":\"https:\/\/webinar-med.pl\/korepetycje-urologiczne\/#organization\",\"name\":\"Korepetycje dla adept&oacute;w urologii 2025\",\"url\":\"https:\/\/webinar-med.pl\/korepetycje-urologiczne\/\",\"logo\":{\"@type\":\"ImageObject\",\"inLanguage\":\"pl-PL\",\"@id\":\"https:\/\/webinar-med.pl\/korepetycje-urologiczne\/#\/schema\/logo\/image\/\",\"url\":\"https:\/\/webinar-med.pl\/korepetycje-urologiczne\/wp-content\/uploads\/2023\/06\/logo_webinarmed.webp\",\"contentUrl\":\"https:\/\/webinar-med.pl\/korepetycje-urologiczne\/wp-content\/uploads\/2023\/06\/logo_webinarmed.webp\",\"width\":345,\"height\":90,\"caption\":\"Korepetycje dla adept&oacute;w urologii  2025\"},\"image\":{\"@id\":\"https:\/\/webinar-med.pl\/korepetycje-urologiczne\/#\/schema\/logo\/image\/\"}}]}<\/script>\n<!-- \/ Yoast SEO plugin. -->","yoast_head_json":{"title":"Privacy Policy - Korepetycje dla adept&oacute;w urologii 2025","robots":{"index":"index","follow":"follow","max-snippet":"max-snippet:-1","max-image-preview":"max-image-preview:large","max-video-preview":"max-video-preview:-1"},"canonical":"https:\/\/webinar-med.pl\/korepetycje-urologiczne\/privacy-policy\/","og_locale":"pl_PL","og_type":"article","og_title":"Privacy Policy - Korepetycje dla adept&oacute;w urologii 2025","og_description":"POLITYKA PRYWATNO\u015aCIInformacje og\u00f3lne.Operatorem Serwisu s\u0105:Sans Souci, Damian Gruszczy\u0144ski, Ewa Maza Sp. j. ul. Zakr\u0119t 16, 60-531 Pozna\u0144, NIP: 7792443773, KRS: 0000624779DG EVENTSFACOTRY z siedzib\u0105 w W\u0105growcu, 10, 62-100 W\u0105growiec, ul. Lipowa 41a, NIP: 7661097000Serwis realizuje funkcje pozyskiwania informacji o u\u017cytkownikach i ich zachowaniu w nast\u0119puj\u0105cy spos\u00f3b:Poprzez dobrowolnie wprowadzone w formularzach informacje.Poprzez zapisywanie w urz\u0105dzeniach ko\u0144cowych [&hellip;]","og_url":"https:\/\/webinar-med.pl\/korepetycje-urologiczne\/privacy-policy\/","og_site_name":"Korepetycje dla adept&oacute;w urologii 2025","article_modified_time":"2024-02-23T10:31:48+00:00","twitter_card":"summary_large_image","twitter_misc":{"Szacowany czas czytania":"5 minut"},"schema":{"@context":"https:\/\/schema.org","@graph":[{"@type":"WebPage","@id":"https:\/\/webinar-med.pl\/korepetycje-urologiczne\/privacy-policy\/","url":"https:\/\/webinar-med.pl\/korepetycje-urologiczne\/privacy-policy\/","name":"Privacy Policy - Korepetycje dla adept&oacute;w urologii 2025","isPartOf":{"@id":"https:\/\/webinar-med.pl\/korepetycje-urologiczne\/#website"},"datePublished":"2022-02-08T09:21:28+00:00","dateModified":"2024-02-23T10:31:48+00:00","breadcrumb":{"@id":"https:\/\/webinar-med.pl\/korepetycje-urologiczne\/privacy-policy\/#breadcrumb"},"inLanguage":"pl-PL","potentialAction":[{"@type":"ReadAction","target":["https:\/\/webinar-med.pl\/korepetycje-urologiczne\/privacy-policy\/"]}]},{"@type":"BreadcrumbList","@id":"https:\/\/webinar-med.pl\/korepetycje-urologiczne\/privacy-policy\/#breadcrumb","itemListElement":[{"@type":"ListItem","position":1,"name":"Strona g\u0142\u00f3wna","item":"https:\/\/webinar-med.pl\/korepetycje-urologiczne\/"},{"@type":"ListItem","position":2,"name":"Privacy Policy"}]},{"@type":"WebSite","@id":"https:\/\/webinar-med.pl\/korepetycje-urologiczne\/#website","url":"https:\/\/webinar-med.pl\/korepetycje-urologiczne\/","name":"Korepetycje dla adept&oacute;w urologii 2025","description":"Krak&oacute;w - Gda\u0144sk - KWIECIE\u0143 2025","publisher":{"@id":"https:\/\/webinar-med.pl\/korepetycje-urologiczne\/#organization"},"potentialAction":[{"@type":"SearchAction","target":{"@type":"EntryPoint","urlTemplate":"https:\/\/webinar-med.pl\/korepetycje-urologiczne\/?s={search_term_string}"},"query-input":{"@type":"PropertyValueSpecification","valueRequired":true,"valueName":"search_term_string"}}],"inLanguage":"pl-PL"},{"@type":"Organization","@id":"https:\/\/webinar-med.pl\/korepetycje-urologiczne\/#organization","name":"Korepetycje dla adept&oacute;w urologii 2025","url":"https:\/\/webinar-med.pl\/korepetycje-urologiczne\/","logo":{"@type":"ImageObject","inLanguage":"pl-PL","@id":"https:\/\/webinar-med.pl\/korepetycje-urologiczne\/#\/schema\/logo\/image\/","url":"https:\/\/webinar-med.pl\/korepetycje-urologiczne\/wp-content\/uploads\/2023\/06\/logo_webinarmed.webp","contentUrl":"https:\/\/webinar-med.pl\/korepetycje-urologiczne\/wp-content\/uploads\/2023\/06\/logo_webinarmed.webp","width":345,"height":90,"caption":"Korepetycje dla adept&oacute;w urologii  2025"},"image":{"@id":"https:\/\/webinar-med.pl\/korepetycje-urologiczne\/#\/schema\/logo\/image\/"}}]}},"_links":{"self":[{"href":"https:\/\/webinar-med.pl\/korepetycje-urologiczne\/wp-json\/wp\/v2\/pages\/3","targetHints":{"allow":["GET"]}}],"collection":[{"href":"https:\/\/webinar-med.pl\/korepetycje-urologiczne\/wp-json\/wp\/v2\/pages"}],"about":[{"href":"https:\/\/webinar-med.pl\/korepetycje-urologiczne\/wp-json\/wp\/v2\/types\/page"}],"author":[{"embeddable":true,"href":"https:\/\/webinar-med.pl\/korepetycje-urologiczne\/wp-json\/wp\/v2\/users\/1"}],"replies":[{"embeddable":true,"href":"https:\/\/webinar-med.pl\/korepetycje-urologiczne\/wp-json\/wp\/v2\/comments?post=3"}],"version-history":[{"count":3,"href":"https:\/\/webinar-med.pl\/korepetycje-urologiczne\/wp-json\/wp\/v2\/pages\/3\/revisions"}],"predecessor-version":[{"id":927,"href":"https:\/\/webinar-med.pl\/korepetycje-urologiczne\/wp-json\/wp\/v2\/pages\/3\/revisions\/927"}],"wp:attachment":[{"href":"https:\/\/webinar-med.pl\/korepetycje-urologiczne\/wp-json\/wp\/v2\/media?parent=3"}],"curies":[{"name":"wp","href":"https:\/\/api.w.org\/{rel}","templated":true}]}}