{"id":18,"date":"2022-02-08T09:30:11","date_gmt":"2022-02-08T09:30:11","guid":{"rendered":"https:\/\/webinar-med.pl\/back-future\/login\/"},"modified":"2023-11-26T20:13:21","modified_gmt":"2023-11-26T19:13:21","slug":"login","status":"publish","type":"page","link":"https:\/\/webinar-med.pl\/back-future\/login\/","title":{"rendered":"Logowanie"},"content":{"rendered":"<div class=\"vce-row-container\"><div class=\"vce-row vce-row--col-gap-30 vce-row-no-paddings vce-row-equal-height vce-row-content--top\" data-vce-full-width=\"true\" data-vce-stretch-content=\"true\" vce-box-shadow=\"el-a45b8d31\" id=\"el-a45b8d31\" data-vce-do-apply=\"all el-a45b8d31\"><div class=\"vce-content-background-container\"><\/div><div class=\"vce-row-content\" data-vce-element-content=\"true\"><div class=\"vce-col vce-col--md-auto vce-col--xs-1 vce-col--xs-last vce-col--xs-first vce-col--sm-last vce-col--sm-first vce-col--md-last vce-col--lg-last vce-col--xl-last vce-col--md-first vce-col--lg-first vce-col--xl-first\" id=\"el-64c7a157\"><div class=\"vce-col-inner\" data-vce-do-apply=\"border margin background  el-64c7a157\"><div class=\"vce-col-content\" data-vce-element-content=\"true\" data-vce-do-apply=\"padding el-64c7a157\"><div class=\"vce-single-image-container vce-single-image--align-center\"><div class=\"vce vce-single-image-wrapper\" id=\"el-6eb08abf\" data-vce-do-apply=\"all el-6eb08abf\"><figure><div class=\"vce-single-image-figure-inner\" style=\"width: 1920px;\"><div class=\"vce-single-image-inner vce-single-image--absolute\" style=\"width: 100%; padding-bottom: 28.125%;\"><img decoding=\"async\" class=\"vce-single-image\" src=\"https:\/\/webinar-med.pl\/back-future\/wp-content\/uploads\/2023\/10\/web-KV-3.webp\" data-img-src=\"https:\/\/webinar-med.pl\/back-future\/wp-content\/uploads\/2023\/10\/web-KV-3.webp\" data-attachment-id=\"877\" alt=\"\" title=\"web-KV\"><\/div><\/div><figcaption hidden=\"\"><\/figcaption><\/figure><\/div><\/div><\/div><\/div><\/div><\/div><\/div><\/div><div class=\"vce-row-container\"><div class=\"vce-row vce-row--col-gap-30 vce-row-no-paddings vce-row-equal-height vce-row-content--top\" data-vce-full-width=\"true\" data-vce-stretch-content=\"true\" vce-box-shadow=\"el-67a5e3af\" id=\"el-67a5e3af\" data-vce-do-apply=\"all el-67a5e3af\"><div class=\"vce-content-background-container\"><\/div><div class=\"vce-row-content\" data-vce-element-content=\"true\"><div class=\"vce-col vce-col--md-auto vce-col--xs-1 vce-col--xs-last vce-col--xs-first vce-col--sm-last vce-col--sm-first vce-col--md-last vce-col--lg-last vce-col--xl-last vce-col--md-first vce-col--lg-first vce-col--xl-first\" id=\"el-6be4585d\"><div class=\"vce-col-inner\" data-vce-do-apply=\"border margin background  el-6be4585d\"><div class=\"vce-col-content\" data-vce-element-content=\"true\" data-vce-do-apply=\"padding el-6be4585d\"><div class=\"vce-single-image-container vce-single-image--align-center\"><div class=\"vce vce-single-image-wrapper\" id=\"el-51ece615\" data-vce-do-apply=\"all el-51ece615\"><figure><div class=\"vce-single-image-figure-inner\" style=\"width: 1600px;\"><div class=\"vce-single-image-inner vce-single-image--absolute\" style=\"width: 100%; padding-bottom: 67.5%;\"><img decoding=\"async\" class=\"vce-single-image\" src=\"https:\/\/webinar-med.pl\/back-future\/wp-content\/uploads\/2023\/10\/mobile-KV.webp\" data-img-src=\"https:\/\/webinar-med.pl\/back-future\/wp-content\/uploads\/2023\/10\/mobile-KV.webp\" data-attachment-id=\"871\" alt=\"\" title=\"mobile-KV\"><\/div><\/div><figcaption hidden=\"\"><\/figcaption><\/figure><\/div><\/div><\/div><\/div><\/div><\/div><\/div><\/div><div class=\"vce-row-container\" data-vce-boxed-width=\"true\"><div class=\"vce-row vce-element--xl--has-background vce-element--lg--has-background vce-element--md--has-background vce-element--sm--has-background vce-element--xs--has-background vce-row--col-gap-30 vce-row-equal-height vce-row-content--middle\" vce-box-shadow=\"el-45ac3a9d\" id=\"el-45ac3a9d\" data-vce-do-apply=\"all el-45ac3a9d\"><div class=\"vce-content-background-container\"><\/div><div class=\"vce-row-content\" data-vce-element-content=\"true\"><div class=\"vce-col vce-col--md-50p vce-col--xs-1 vce-col--xs-last vce-col--xs-first vce-col--sm-last vce-col--sm-first vce-col--md-first vce-col--lg-first vce-col--xl-first\" id=\"el-28d9a83f\"><div class=\"vce-col-inner\" data-vce-do-apply=\"border margin background  el-28d9a83f\"><div class=\"vce-content-background-container\"><div class=\"vce-asset-color-gradient-container vce-visible-xl-only\" data-vce-do-apply=\"gradient el-28d9a83f\"><\/div><div class=\"vce-asset-color-gradient-container vce-visible-lg-only\" data-vce-do-apply=\"gradient el-28d9a83f\"><\/div><div class=\"vce-asset-color-gradient-container vce-visible-md-only\" data-vce-do-apply=\"gradient el-28d9a83f\"><\/div><div class=\"vce-asset-color-gradient-container vce-visible-sm-only\" data-vce-do-apply=\"gradient el-28d9a83f\"><\/div><div class=\"vce-asset-color-gradient-container vce-visible-xs-only\" data-vce-do-apply=\"gradient el-28d9a83f\"><\/div><\/div><div class=\"vce-col-content\" data-vce-element-content=\"true\" data-vce-do-apply=\"padding el-28d9a83f\"><div class=\"vce-text-block\"><div class=\"vce-text-block-wrapper vce\" id=\"el-a25784ce\" data-vce-do-apply=\"all el-a25784ce\"><p style=\"text-align: center;\"><span style=\"font-size: 24pt; font-family: 'Bebas Neue'; color: #ffffff; letter-spacing: 1px;\">PANEL LOGOWANIA<\/span><\/p><hr><p style=\"text-align: center; line-height: 1.5;\"><span style=\"color: #ffffff; font-family: Lato; font-size: 14pt; font-weight: 300; font-style: normal;\">W celu przej\u015bcia do strefy uczestnika prosimy o zalogowanie si\u0119 podaj\u0105c w formularzu sw\u00f3j <strong>adres email<\/strong>&nbsp;(<em>podany przy rejestracji<\/em>) oraz&nbsp;<strong>has\u0142o dost\u0119powe<\/strong>&nbsp;otrzymane w&nbsp;<em><strong>mailu z<\/strong><\/em><\/span><span style=\"color: #ffffff; font-family: Lato; font-size: 14pt; font-weight: 300; font-style: normal;\"><em><strong> potwierdzeniem rejestracji<\/strong><\/em>.<\/span><\/p><hr><p style=\"text-align: center;\"><span style=\"color: #ffffff; font-family: Lato; font-weight: 300; font-style: normal;\">W przypadku problem\u00f3w z dost\u0119pem prosimy o kontakt.<br><\/span><span style=\"color: #ffffff; font-family: Lato; font-weight: 300; font-style: normal;\"><em><strong>Maciej Pietrzyk<\/strong><br><\/em><em>Tel.: <strong>+48 519 199 064<\/strong><br><\/em><em>E-mail: <strong>maciej.pietrzyk<\/strong><strong>@sans-souci.pl<\/strong><\/em><\/span><\/p><\/div><\/div><\/div><\/div><\/div><div class=\"vce-col vce-col--md-50p vce-col--xs-1 vce-col--xs-last vce-col--xs-first vce-col--sm-last vce-col--sm-first vce-col--md-last vce-col--lg-last vce-col--xl-last\" id=\"el-d21a4146\"><div class=\"vce-col-inner\" data-vce-do-apply=\"border margin background  el-d21a4146\"><div class=\"vce-content-background-container\"><\/div><div class=\"vce-col-content\" data-vce-element-content=\"true\" data-vce-do-apply=\"padding el-d21a4146\"><div class=\"vce-text-block\"><div class=\"vce-text-block-wrapper vce\" id=\"el-8e40440b\" data-vce-do-apply=\"all el-8e40440b\"><p style=\"text-align: center;\">\n<div class=\"um um-login um-14\">\n\t<div class=\"um-form\">\n\t\t<form method=\"post\" action=\"\" autocomplete=\"off\">\n\t\t\t<div class=\"um-row _um_row_1 \" style=\"margin: 0 0 30px 0;\"><div class=\"um-col-1\"><div  id=\"um_field_14_username\" class=\"um-field um-field-text  um-field-username um-field-text um-field-type_text\" data-key=\"username\"><div class=\"um-field-label\"><label for=\"username-14\">Username \/ nazwa u\u017cytkownika (email)<\/label><div class=\"um-clear\"><\/div><\/div><div class=\"um-field-area\"><input  autocomplete=\"off\" class=\"um-form-field valid \" type=\"text\" name=\"username-14\" id=\"username-14\" value=\"\" placeholder=\"\" data-validate=\"unique_username_or_email\" data-key=\"username\"  aria-invalid=\"false\" \/>\n\n\t\t\t\t\t\t<\/div><\/div><div  id=\"um_field_14_user_password\" class=\"um-field um-field-password  um-field-user_password um-field-password um-field-type_password\" data-key=\"user_password\"><div class=\"um-field-label\"><label for=\"user_password-14\">Password \/ has\u0142o<\/label><div class=\"um-clear\"><\/div><\/div><div class=\"um-field-area\"><input class=\"um-form-field valid \" type=\"password\" name=\"user_password-14\" id=\"user_password-14\" value=\"\" placeholder=\"\" data-validate=\"\" data-key=\"user_password\"  aria-invalid=\"false\" \/>\n\n\t\t\t\t\t\t\t<\/div><\/div><\/div><\/div>\t<input type=\"hidden\" name=\"form_id\" id=\"form_id_14\" value=\"14\" \/>\n\t\t<p class=\"um_request_name\">\n\t\t<label for=\"um_request_14\">Only fill in if you are not human<\/label>\n\t\t<input type=\"hidden\" name=\"um_request\" id=\"um_request_14\" class=\"input\" value=\"\" size=\"25\" autocomplete=\"off\" \/>\n\t<\/p>\n\t<input type=\"hidden\" name=\"redirect_to\" id=\"redirect_to\" value=\"https:\/\/webinar-med.pl\/back-future\/transmisja-live\/\" \/><input type=\"hidden\" id=\"_wpnonce\" name=\"_wpnonce\" value=\"367e05cfe5\" \/><input type=\"hidden\" name=\"_wp_http_referer\" value=\"\/back-future\/wp-json\/wp\/v2\/pages\/18\" \/>\n\t<div class=\"um-col-alt\">\n\n\t\t\n\t\t\t<div class=\"um-center\">\n\t\t\t\t<input type=\"submit\" value=\"Login \/ Zaloguj si\u0119\" class=\"um-button\" id=\"um-submit-btn\" \/>\n\t\t\t<\/div>\n\n\t\t\n\t\t<div class=\"um-clear\"><\/div>\n\n\t<\/div>\n\n\t\t\t<\/form>\n\t<\/div>\n<\/div>\n<style>\n\t\t\t.um-14.um {\n\t\t\tmax-width: 450px;\n\t\t}\n\t\t<\/style>\n<\/p><\/div><\/div><\/div><\/div><\/div><\/div><\/div><\/div>\n","protected":false},"excerpt":{"rendered":"<p>PANEL LOGOWANIAW celu przej\u015bcia do strefy uczestnika prosimy o zalogowanie si\u0119 podaj\u0105c w formularzu sw\u00f3j adres email&nbsp;(podany przy rejestracji) oraz&nbsp;has\u0142o dost\u0119powe&nbsp;otrzymane w&nbsp;mailu z potwierdzeniem rejestracji.W przypadku problem\u00f3w z dost\u0119pem prosimy o kontakt.Maciej PietrzykTel.: +48 519 199 064E-mail: maciej.pietrzyk@sans-souci.pl<\/p>\n","protected":false},"author":1,"featured_media":0,"parent":0,"menu_order":0,"comment_status":"closed","ping_status":"closed","template":"","meta":{"_monsterinsights_skip_tracking":false,"_monsterinsights_sitenote_active":false,"_monsterinsights_sitenote_note":"","_monsterinsights_sitenote_category":0,"site-sidebar-layout":"default","site-content-layout":"","ast-site-content-layout":"default","site-content-style":"default","site-sidebar-style":"default","ast-global-header-display":"","ast-banner-title-visibility":"","ast-main-header-display":"","ast-hfb-above-header-display":"","ast-hfb-below-header-display":"","ast-hfb-mobile-header-display":"","site-post-title":"","ast-breadcrumbs-content":"","ast-featured-img":"","footer-sml-layout":"","ast-disable-related-posts":"","theme-transparent-header-meta":"","adv-header-id-meta":"","stick-header-meta":"","header-above-stick-meta":"","header-main-stick-meta":"","header-below-stick-meta":"","astra-migrate-meta-layouts":"default","ast-page-background-enabled":"default","ast-page-background-meta":{"desktop":{"background-color":"var(--ast-global-color-4)","background-image":"","background-repeat":"repeat","background-position":"center center","background-size":"auto","background-attachment":"scroll","background-type":"","background-media":"","overlay-type":"","overlay-color":"","overlay-opacity":"","overlay-gradient":""},"tablet":{"background-color":"","background-image":"","background-repeat":"repeat","background-position":"center center","background-size":"auto","background-attachment":"scroll","background-type":"","background-media":"","overlay-type":"","overlay-color":"","overlay-opacity":"","overlay-gradient":""},"mobile":{"background-color":"","background-image":"","background-repeat":"repeat","background-position":"center center","background-size":"auto","background-attachment":"scroll","background-type":"","background-media":"","overlay-type":"","overlay-color":"","overlay-opacity":"","overlay-gradient":""}},"ast-content-background-meta":{"desktop":{"background-color":"var(--ast-global-color-5)","background-image":"","background-repeat":"repeat","background-position":"center center","background-size":"auto","background-attachment":"scroll","background-type":"","background-media":"","overlay-type":"","overlay-color":"","overlay-opacity":"","overlay-gradient":""},"tablet":{"background-color":"var(--ast-global-color-5)","background-image":"","background-repeat":"repeat","background-position":"center center","background-size":"auto","background-attachment":"scroll","background-type":"","background-media":"","overlay-type":"","overlay-color":"","overlay-opacity":"","overlay-gradient":""},"mobile":{"background-color":"var(--ast-global-color-5)","background-image":"","background-repeat":"repeat","background-position":"center center","background-size":"auto","background-attachment":"scroll","background-type":"","background-media":"","overlay-type":"","overlay-color":"","overlay-opacity":"","overlay-gradient":""}},"footnotes":""},"acf":[],"yoast_head":"<!-- This site is optimized with the Yoast SEO plugin v23.5 - https:\/\/yoast.com\/wordpress\/plugins\/seo\/ -->\n<title>Logowanie - Safely back to the future<\/title>\n<meta name=\"robots\" content=\"index, follow, max-snippet:-1, max-image-preview:large, max-video-preview:-1\" \/>\n<link rel=\"canonical\" href=\"https:\/\/webinar-med.pl\/back-future\/login\/\" \/>\n<meta property=\"og:locale\" content=\"pl_PL\" \/>\n<meta property=\"og:type\" content=\"article\" \/>\n<meta property=\"og:title\" content=\"Logowanie - Safely back to the future\" \/>\n<meta property=\"og:description\" content=\"PANEL LOGOWANIAW celu przej\u015bcia do strefy uczestnika prosimy o zalogowanie si\u0119 podaj\u0105c w formularzu sw\u00f3j adres email&nbsp;(podany przy rejestracji) oraz&nbsp;has\u0142o dost\u0119powe&nbsp;otrzymane w&nbsp;mailu z potwierdzeniem rejestracji.W przypadku problem\u00f3w z dost\u0119pem prosimy o kontakt.Maciej PietrzykTel.: +48 519 199 064E-mail: maciej.pietrzyk@sans-souci.pl\" \/>\n<meta property=\"og:url\" content=\"https:\/\/webinar-med.pl\/back-future\/login\/\" \/>\n<meta property=\"og:site_name\" content=\"Safely back to the future\" \/>\n<meta property=\"article:modified_time\" content=\"2023-11-26T19:13:21+00:00\" \/>\n<meta name=\"twitter:card\" content=\"summary_large_image\" \/>\n<script type=\"application\/ld+json\" class=\"yoast-schema-graph\">{\"@context\":\"https:\/\/schema.org\",\"@graph\":[{\"@type\":\"WebPage\",\"@id\":\"https:\/\/webinar-med.pl\/back-future\/login\/\",\"url\":\"https:\/\/webinar-med.pl\/back-future\/login\/\",\"name\":\"Logowanie - Safely back to the future\",\"isPartOf\":{\"@id\":\"https:\/\/webinar-med.pl\/back-future\/#website\"},\"datePublished\":\"2022-02-08T09:30:11+00:00\",\"dateModified\":\"2023-11-26T19:13:21+00:00\",\"breadcrumb\":{\"@id\":\"https:\/\/webinar-med.pl\/back-future\/login\/#breadcrumb\"},\"inLanguage\":\"pl-PL\",\"potentialAction\":[{\"@type\":\"ReadAction\",\"target\":[\"https:\/\/webinar-med.pl\/back-future\/login\/\"]}]},{\"@type\":\"BreadcrumbList\",\"@id\":\"https:\/\/webinar-med.pl\/back-future\/login\/#breadcrumb\",\"itemListElement\":[{\"@type\":\"ListItem\",\"position\":1,\"name\":\"Strona g\u0142\u00f3wna\",\"item\":\"https:\/\/webinar-med.pl\/back-future\/\"},{\"@type\":\"ListItem\",\"position\":2,\"name\":\"Logowanie\"}]},{\"@type\":\"WebSite\",\"@id\":\"https:\/\/webinar-med.pl\/back-future\/#website\",\"url\":\"https:\/\/webinar-med.pl\/back-future\/\",\"name\":\"Safely back to the future\",\"description\":\"Safely back to the future\",\"publisher\":{\"@id\":\"https:\/\/webinar-med.pl\/back-future\/#organization\"},\"potentialAction\":[{\"@type\":\"SearchAction\",\"target\":{\"@type\":\"EntryPoint\",\"urlTemplate\":\"https:\/\/webinar-med.pl\/back-future\/?s={search_term_string}\"},\"query-input\":{\"@type\":\"PropertyValueSpecification\",\"valueRequired\":true,\"valueName\":\"search_term_string\"}}],\"inLanguage\":\"pl-PL\"},{\"@type\":\"Organization\",\"@id\":\"https:\/\/webinar-med.pl\/back-future\/#organization\",\"name\":\"Safely back to the future\",\"url\":\"https:\/\/webinar-med.pl\/back-future\/\",\"logo\":{\"@type\":\"ImageObject\",\"inLanguage\":\"pl-PL\",\"@id\":\"https:\/\/webinar-med.pl\/back-future\/#\/schema\/logo\/image\/\",\"url\":\"https:\/\/webinar-med.pl\/back-future\/wp-content\/uploads\/2023\/10\/cropped-Aspen-Polska.png\",\"contentUrl\":\"https:\/\/webinar-med.pl\/back-future\/wp-content\/uploads\/2023\/10\/cropped-Aspen-Polska.png\",\"width\":180,\"height\":58,\"caption\":\"Safely back to the future\"},\"image\":{\"@id\":\"https:\/\/webinar-med.pl\/back-future\/#\/schema\/logo\/image\/\"}}]}<\/script>\n<!-- \/ Yoast SEO plugin. -->","yoast_head_json":{"title":"Logowanie - Safely back to the future","robots":{"index":"index","follow":"follow","max-snippet":"max-snippet:-1","max-image-preview":"max-image-preview:large","max-video-preview":"max-video-preview:-1"},"canonical":"https:\/\/webinar-med.pl\/back-future\/login\/","og_locale":"pl_PL","og_type":"article","og_title":"Logowanie - Safely back to the future","og_description":"PANEL LOGOWANIAW celu przej\u015bcia do strefy uczestnika prosimy o zalogowanie si\u0119 podaj\u0105c w formularzu sw\u00f3j adres email&nbsp;(podany przy rejestracji) oraz&nbsp;has\u0142o dost\u0119powe&nbsp;otrzymane w&nbsp;mailu z potwierdzeniem rejestracji.W przypadku problem\u00f3w z dost\u0119pem prosimy o kontakt.Maciej PietrzykTel.: +48 519 199 064E-mail: maciej.pietrzyk@sans-souci.pl","og_url":"https:\/\/webinar-med.pl\/back-future\/login\/","og_site_name":"Safely back to the future","article_modified_time":"2023-11-26T19:13:21+00:00","twitter_card":"summary_large_image","schema":{"@context":"https:\/\/schema.org","@graph":[{"@type":"WebPage","@id":"https:\/\/webinar-med.pl\/back-future\/login\/","url":"https:\/\/webinar-med.pl\/back-future\/login\/","name":"Logowanie - Safely back to the future","isPartOf":{"@id":"https:\/\/webinar-med.pl\/back-future\/#website"},"datePublished":"2022-02-08T09:30:11+00:00","dateModified":"2023-11-26T19:13:21+00:00","breadcrumb":{"@id":"https:\/\/webinar-med.pl\/back-future\/login\/#breadcrumb"},"inLanguage":"pl-PL","potentialAction":[{"@type":"ReadAction","target":["https:\/\/webinar-med.pl\/back-future\/login\/"]}]},{"@type":"BreadcrumbList","@id":"https:\/\/webinar-med.pl\/back-future\/login\/#breadcrumb","itemListElement":[{"@type":"ListItem","position":1,"name":"Strona g\u0142\u00f3wna","item":"https:\/\/webinar-med.pl\/back-future\/"},{"@type":"ListItem","position":2,"name":"Logowanie"}]},{"@type":"WebSite","@id":"https:\/\/webinar-med.pl\/back-future\/#website","url":"https:\/\/webinar-med.pl\/back-future\/","name":"Safely back to the future","description":"Safely back to the future","publisher":{"@id":"https:\/\/webinar-med.pl\/back-future\/#organization"},"potentialAction":[{"@type":"SearchAction","target":{"@type":"EntryPoint","urlTemplate":"https:\/\/webinar-med.pl\/back-future\/?s={search_term_string}"},"query-input":{"@type":"PropertyValueSpecification","valueRequired":true,"valueName":"search_term_string"}}],"inLanguage":"pl-PL"},{"@type":"Organization","@id":"https:\/\/webinar-med.pl\/back-future\/#organization","name":"Safely back to the future","url":"https:\/\/webinar-med.pl\/back-future\/","logo":{"@type":"ImageObject","inLanguage":"pl-PL","@id":"https:\/\/webinar-med.pl\/back-future\/#\/schema\/logo\/image\/","url":"https:\/\/webinar-med.pl\/back-future\/wp-content\/uploads\/2023\/10\/cropped-Aspen-Polska.png","contentUrl":"https:\/\/webinar-med.pl\/back-future\/wp-content\/uploads\/2023\/10\/cropped-Aspen-Polska.png","width":180,"height":58,"caption":"Safely back to the future"},"image":{"@id":"https:\/\/webinar-med.pl\/back-future\/#\/schema\/logo\/image\/"}}]}},"_links":{"self":[{"href":"https:\/\/webinar-med.pl\/back-future\/wp-json\/wp\/v2\/pages\/18"}],"collection":[{"href":"https:\/\/webinar-med.pl\/back-future\/wp-json\/wp\/v2\/pages"}],"about":[{"href":"https:\/\/webinar-med.pl\/back-future\/wp-json\/wp\/v2\/types\/page"}],"author":[{"embeddable":true,"href":"https:\/\/webinar-med.pl\/back-future\/wp-json\/wp\/v2\/users\/1"}],"replies":[{"embeddable":true,"href":"https:\/\/webinar-med.pl\/back-future\/wp-json\/wp\/v2\/comments?post=18"}],"version-history":[{"count":32,"href":"https:\/\/webinar-med.pl\/back-future\/wp-json\/wp\/v2\/pages\/18\/revisions"}],"predecessor-version":[{"id":1052,"href":"https:\/\/webinar-med.pl\/back-future\/wp-json\/wp\/v2\/pages\/18\/revisions\/1052"}],"wp:attachment":[{"href":"https:\/\/webinar-med.pl\/back-future\/wp-json\/wp\/v2\/media?parent=18"}],"curies":[{"name":"wp","href":"https:\/\/api.w.org\/{rel}","templated":true}]}}